{"id":2548,"date":"2022-12-28T13:07:12","date_gmt":"2022-12-28T13:07:12","guid":{"rendered":"https:\/\/yachtcharter-holiday-tours.de\/mentions-legales\/"},"modified":"2024-07-31T07:55:28","modified_gmt":"2024-07-31T07:55:28","slug":"mentions-legales","status":"publish","type":"page","link":"https:\/\/yachtcharter-holiday-tours.de\/fr\/mentions-legales\/","title":{"rendered":"Mentions l\u00e9gales"},"content":{"rendered":"<p>[et_pb_section fb_built=\u00a0\u00bb1&Prime; admin_label=\u00a0\u00bbHeader\u00a0\u00bb _builder_version=\u00a0\u00bb4.16&Prime; use_background_color_gradient=\u00a0\u00bbon\u00a0\u00bb background_color_gradient_type=\u00a0\u00bbcircular\u00a0\u00bb background_color_gradient_direction_radial=\u00a0\u00bbtop left\u00a0\u00bb background_color_gradient_stops=\u00a0\u00bbrgba(255,255,255,0.89) 30%|rgba(255,255,255,0) 80%\u00a0\u00bb background_color_gradient_overlays_image=\u00a0\u00bbon\u00a0\u00bb background_color_gradient_start=\u00a0\u00bbrgba(255,255,255,0.89)\u00a0\u00bb background_color_gradient_start_position=\u00a0\u00bb30%\u00a0\u00bb background_color_gradient_end=\u00a0\u00bbrgba(255,255,255,0)\u00a0\u00bb background_color_gradient_end_position=\u00a0\u00bb80%\u00a0\u00bb background_image=\u00a0\u00bbhttps:\/\/yachtcharter-holiday-tours.de\/wp-content\/uploads\/2022\/12\/Delphin-Tec-Schiffstechnik-GmbH.jpeg\u00a0\u00bb background_enable_video_mp4=\u00a0\u00bboff\u00a0\u00bb background_video_width=\u00a0\u00bb1920&Prime; background_video_height=\u00a0\u00bb1280&Prime; background_video_pause_outside_viewport=\u00a0\u00bboff\u00a0\u00bb custom_padding=\u00a0\u00bb12vw|0px|0|0px|false|false\u00a0\u00bb global_colors_info=\u00a0\u00bb{}\u00a0\u00bb][et_pb_row _builder_version=\u00a0\u00bb4.16&Prime; custom_margin=\u00a0\u00bb|||\u00a0\u00bb global_colors_info=\u00a0\u00bb{}\u00a0\u00bb][et_pb_column type=\u00a0\u00bb4_4&Prime; _builder_version=\u00a0\u00bb4.16&Prime; custom_padding=\u00a0\u00bb|||\u00a0\u00bb global_colors_info=\u00a0\u00bb{}\u00a0\u00bb custom_padding__hover=\u00a0\u00bb|||\u00a0\u00bb][et_pb_text _builder_version=\u00a0\u00bb4.16&Prime; text_font=\u00a0\u00bb||||||||\u00a0\u00bb header_font=\u00a0\u00bbPoppins|700|||||||\u00a0\u00bb header_text_color=\u00a0\u00bb#000000&Prime; header_font_size=\u00a0\u00bb80px\u00a0\u00bb header_line_height=\u00a0\u00bb1.2em\u00a0\u00bb header_5_font=\u00a0\u00bbPoppins|500||on|||||\u00a0\u00bb header_5_text_color=\u00a0\u00bb#000000&Prime; header_5_font_size=\u00a0\u00bb20px\u00a0\u00bb header_5_letter_spacing=\u00a0\u00bb0.5em\u00a0\u00bb header_5_line_height=\u00a0\u00bb1.8em\u00a0\u00bb animation_style=\u00a0\u00bbzoom\u00a0\u00bb animation_intensity_zoom=\u00a0\u00bb5%\u00a0\u00bb header_font_size_tablet=\u00a0\u00bb48px\u00a0\u00bb header_font_size_phone=\u00a0\u00bb32px\u00a0\u00bb header_font_size_last_edited=\u00a0\u00bbon|phone\u00a0\u00bb header_5_font_size_tablet=\u00a0\u00bb14px\u00a0\u00bb header_5_font_size_phone=\u00a0\u00bb12px\u00a0\u00bb header_5_font_size_last_edited=\u00a0\u00bbon|desktop\u00a0\u00bb global_colors_info=\u00a0\u00bb{}\u00a0\u00bb]<\/p>\n<h5>Delphin Tec Schiffstechnik GmbH<\/h5>\n<h1>Mentions l\u00e9gales<\/h1>\n<p>[\/et_pb_text][\/et_pb_column][\/et_pb_row][et_pb_row column_structure=\u00a0\u00bb1_4,1_4,1_4,1_4&Prime; use_custom_gutter=\u00a0\u00bbon\u00a0\u00bb make_equal=\u00a0\u00bbon\u00a0\u00bb custom_padding_last_edited=\u00a0\u00bbon|desktop\u00a0\u00bb _builder_version=\u00a0\u00bb4.16&Prime; background_color=\u00a0\u00bb#ffffff\u00a0\u00bb width=\u00a0\u00bb90%\u00a0\u00bb max_width=\u00a0\u00bb90%\u00a0\u00bb module_alignment=\u00a0\u00bbleft\u00a0\u00bb custom_margin=\u00a0\u00bb12vw||||false\u00a0\u00bb custom_padding=\u00a0\u00bb0|0px|0px|15vw|false|false\u00a0\u00bb custom_padding_tablet=\u00a0\u00bb|||10vw\u00a0\u00bb custom_padding_phone=\u00a0\u00bb\u00a0\u00bb animation_style=\u00a0\u00bbslide\u00a0\u00bb animation_direction=\u00a0\u00bbleft\u00a0\u00bb animation_intensity_slide=\u00a0\u00bb5%\u00a0\u00bb use_custom_width=\u00a0\u00bbon\u00a0\u00bb width_unit=\u00a0\u00bboff\u00a0\u00bb custom_width_percent=\u00a0\u00bb90%\u00a0\u00bb locked=\u00a0\u00bboff\u00a0\u00bb global_colors_info=\u00a0\u00bb{}\u00a0\u00bb][et_pb_column type=\u00a0\u00bb1_4&Prime; _builder_version=\u00a0\u00bb4.16&Prime; custom_padding=\u00a0\u00bb74px|||\u00a0\u00bb custom_padding_tablet=\u00a0\u00bb40px|||\u00a0\u00bb custom_padding_phone=\u00a0\u00bb20px|||\u00a0\u00bb custom_padding_last_edited=\u00a0\u00bboff|desktop\u00a0\u00bb global_colors_info=\u00a0\u00bb{}\u00a0\u00bb padding_phone=\u00a0\u00bb20px|||\u00a0\u00bb padding_tablet=\u00a0\u00bb40px|||\u00a0\u00bb padding_last_edited=\u00a0\u00bboff|desktop\u00a0\u00bb custom_padding__hover=\u00a0\u00bb|||\u00a0\u00bb][\/et_pb_column][et_pb_column type=\u00a0\u00bb1_4&Prime; _builder_version=\u00a0\u00bb4.16&Prime; custom_padding=\u00a0\u00bb74px|||\u00a0\u00bb custom_padding_tablet=\u00a0\u00bb40px|||\u00a0\u00bb custom_padding_phone=\u00a0\u00bb20px|||\u00a0\u00bb custom_padding_last_edited=\u00a0\u00bboff|desktop\u00a0\u00bb global_colors_info=\u00a0\u00bb{}\u00a0\u00bb padding_phone=\u00a0\u00bb20px|||\u00a0\u00bb padding_tablet=\u00a0\u00bb40px|||\u00a0\u00bb padding_last_edited=\u00a0\u00bboff|desktop\u00a0\u00bb custom_padding__hover=\u00a0\u00bb|||\u00a0\u00bb][\/et_pb_column][et_pb_column type=\u00a0\u00bb1_4&Prime; _builder_version=\u00a0\u00bb4.16&Prime; custom_padding=\u00a0\u00bb74px|||\u00a0\u00bb custom_padding_tablet=\u00a0\u00bb40px|||\u00a0\u00bb custom_padding_phone=\u00a0\u00bb20px|||\u00a0\u00bb custom_padding_last_edited=\u00a0\u00bboff|desktop\u00a0\u00bb global_colors_info=\u00a0\u00bb{}\u00a0\u00bb padding_phone=\u00a0\u00bb20px|||\u00a0\u00bb padding_tablet=\u00a0\u00bb40px|||\u00a0\u00bb padding_last_edited=\u00a0\u00bboff|desktop\u00a0\u00bb custom_padding__hover=\u00a0\u00bb|||\u00a0\u00bb][\/et_pb_column][et_pb_column type=\u00a0\u00bb1_4&Prime; _builder_version=\u00a0\u00bb4.16&Prime; custom_padding=\u00a0\u00bb74px|||\u00a0\u00bb custom_padding_tablet=\u00a0\u00bb40px|||\u00a0\u00bb custom_padding_phone=\u00a0\u00bb20px|||\u00a0\u00bb custom_padding_last_edited=\u00a0\u00bboff|desktop\u00a0\u00bb global_colors_info=\u00a0\u00bb{}\u00a0\u00bb padding_phone=\u00a0\u00bb20px|||\u00a0\u00bb padding_tablet=\u00a0\u00bb40px|||\u00a0\u00bb padding_last_edited=\u00a0\u00bboff|desktop\u00a0\u00bb custom_padding__hover=\u00a0\u00bb|||\u00a0\u00bb][\/et_pb_column][\/et_pb_row][\/et_pb_section][et_pb_section fb_built=\u00a0\u00bb1&Prime; admin_label=\u00a0\u00bbAbout Us\u00a0\u00bb _builder_version=\u00a0\u00bb4.16&Prime; global_colors_info=\u00a0\u00bb{}\u00a0\u00bb][et_pb_row custom_padding_last_edited=\u00a0\u00bboff|desktop\u00a0\u00bb _builder_version=\u00a0\u00bb4.16&Prime; custom_padding=\u00a0\u00bb27px|0px|0|0px|false|false\u00a0\u00bb custom_padding_tablet=\u00a0\u00bb|0px||0px||true\u00a0\u00bb global_colors_info=\u00a0\u00bb{}\u00a0\u00bb][et_pb_column type=\u00a0\u00bb4_4&Prime; _builder_version=\u00a0\u00bb4.16&Prime; custom_padding=\u00a0\u00bb|||\u00a0\u00bb global_colors_info=\u00a0\u00bb{}\u00a0\u00bb custom_padding__hover=\u00a0\u00bb|||\u00a0\u00bb][et_pb_text _builder_version=\u00a0\u00bb4.16&Prime; text_font=\u00a0\u00bb||||||||\u00a0\u00bb text_line_height=\u00a0\u00bb2em\u00a0\u00bb header_font=\u00a0\u00bb||||||||\u00a0\u00bb header_2_font=\u00a0\u00bbPoppins|600|||||||\u00a0\u00bb header_2_font_size=\u00a0\u00bb50px\u00a0\u00bb header_2_line_height=\u00a0\u00bb1.4em\u00a0\u00bb header_6_font=\u00a0\u00bbPoppins|||on|||||\u00a0\u00bb header_6_font_size=\u00a0\u00bb16px\u00a0\u00bb header_6_letter_spacing=\u00a0\u00bb5px\u00a0\u00bb header_6_line_height=\u00a0\u00bb1.8em\u00a0\u00bb max_width=\u00a0\u00bb1440px\u00a0\u00bb module_alignment=\u00a0\u00bbleft\u00a0\u00bb header_2_font_size_tablet=\u00a0\u00bb35px\u00a0\u00bb header_2_font_size_phone=\u00a0\u00bb25px\u00a0\u00bb header_2_font_size_last_edited=\u00a0\u00bbon|phone\u00a0\u00bb global_colors_info=\u00a0\u00bb{}\u00a0\u00bb]<\/p>\n<h2>Mentions l\u00e9gales<\/h2>\n<p>[\/et_pb_text][\/et_pb_column][\/et_pb_row][et_pb_row custom_padding_last_edited=\u00a0\u00bboff|desktop\u00a0\u00bb _builder_version=\u00a0\u00bb4.16&Prime; custom_padding=\u00a0\u00bb27px|0|27px|0px|false|false\u00a0\u00bb custom_padding_tablet=\u00a0\u00bb|0px||0px||true\u00a0\u00bb global_colors_info=\u00a0\u00bb{}\u00a0\u00bb][et_pb_column type=\u00a0\u00bb4_4&Prime; _builder_version=\u00a0\u00bb4.16&Prime; custom_padding=\u00a0\u00bb|||\u00a0\u00bb global_colors_info=\u00a0\u00bb{}\u00a0\u00bb custom_padding__hover=\u00a0\u00bb|||\u00a0\u00bb][et_pb_text _builder_version=\u00a0\u00bb4.16&Prime; text_font=\u00a0\u00bbPoppins||||||||\u00a0\u00bb text_line_height=\u00a0\u00bb2em\u00a0\u00bb header_font=\u00a0\u00bb||||||||\u00a0\u00bb header_2_font=\u00a0\u00bbRaleway|700|||||||\u00a0\u00bb header_2_font_size=\u00a0\u00bb50px\u00a0\u00bb header_2_line_height=\u00a0\u00bb1.4em\u00a0\u00bb header_6_font=\u00a0\u00bbRaleway|700||on|||||\u00a0\u00bb header_6_font_size=\u00a0\u00bb16px\u00a0\u00bb header_6_letter_spacing=\u00a0\u00bb5px\u00a0\u00bb header_6_line_height=\u00a0\u00bb1.8em\u00a0\u00bb max_width=\u00a0\u00bb1440px\u00a0\u00bb module_alignment=\u00a0\u00bbleft\u00a0\u00bb header_2_font_size_tablet=\u00a0\u00bb35px\u00a0\u00bb header_2_font_size_phone=\u00a0\u00bb25px\u00a0\u00bb header_2_font_size_last_edited=\u00a0\u00bbon|phone\u00a0\u00bb global_colors_info=\u00a0\u00bb{}\u00a0\u00bb]<\/p>\n<p>Delphin Tec Schiffstechnik GmbH<br \/>Industriestra\u00dfe 12<br \/>56626 Andernach<br \/>T\u00e9l\u00e9phone : +49 26 32 \/ 96 55 -80<br \/>T\u00e9l\u00e9copie : +49 26 32 \/ 96 55 -11<br \/>E-mail : <a href=\"mailto:info@delphin-tec.de\">info@delphin-tec.de<\/a><br \/>Internet : <a href=\"https:\/\/www.delphin-tec.de\" target=\"_blank\" rel=\"noopener\">www.delphin-tec.de<\/a><br \/>Direction : Franz With, Matthias Schmitt<br \/>HRB 15457 &#8211; Registre de Coblence<br \/>USt.-.Num\u00e9ro d&rsquo;identification : DE 814 114 112<br \/>Coordonn\u00e9es bancaires :<br \/>Kreissparkasse Mayen<br \/>IBAN : DE29576500100020010062<\/p>\n<p><strong>Conditions g\u00e9n\u00e9rales d&rsquo;utilisation<\/strong><\/p>\n<p>Le fournisseur n&rsquo;assume aucune responsabilit\u00e9 quant \u00e0 l&rsquo;exactitude, l&rsquo;exhaustivit\u00e9 et l&rsquo;actualit\u00e9 des contenus mis \u00e0 disposition. L&rsquo;utilisation du contenu du site web se fait aux risques et p\u00e9rils de l&rsquo;utilisateur. Aucune garantie n&rsquo;est donn\u00e9e quant au fonctionnement sans erreur ni interruption du trafic de donn\u00e9es. Il n&rsquo;existe aucun droit \u00e0 ce que d&rsquo;\u00e9ventuels dysfonctionnements soient \u00e9limin\u00e9s ou corrig\u00e9s. Le fournisseur n&rsquo;est pas responsable des contenus et programmes diffus\u00e9s sur ce site, ni des dommages r\u00e9sultant de leur utilisation. Cela s&rsquo;applique \u00e0 tous les dommages, en particulier aux dommages p\u00e9cuniaires, dans la mesure o\u00f9 il n&rsquo;est pas prouv\u00e9 que de tels dommages ont \u00e9t\u00e9 caus\u00e9s intentionnellement ou par n\u00e9gligence grave.<\/p>\n<p>La visite et l&rsquo;utilisation du site web peuvent entra\u00eener l&rsquo;enregistrement d&rsquo;informations relatives \u00e0 l&rsquo;acc\u00e8s. Il ne s&rsquo;agit pas de donn\u00e9es \u00e0 caract\u00e8re personnel. Les donn\u00e9es sont analys\u00e9es \u00e0 des fins statistiques. Une transmission \u00e0 des tiers n&rsquo;a pas lieu. Le fournisseur attire express\u00e9ment l&rsquo;attention sur le fait que les transmissions de donn\u00e9es sur Internet peuvent pr\u00e9senter des failles de s\u00e9curit\u00e9. Une protection contre l&rsquo;acc\u00e8s de tiers ne peut donc pas \u00eatre garantie. L&rsquo;utilisation des donn\u00e9es de contact des mentions l\u00e9gales \u00e0 des fins de publicit\u00e9 commerciale est express\u00e9ment interdite, \u00e0 moins qu&rsquo;elle ne se fasse sur la base d&rsquo;un accord \u00e9crit du fournisseur ou d&rsquo;une relation commerciale d\u00e9j\u00e0 existante. Le fournisseur et toutes les personnes mentionn\u00e9es sur ce site web s&rsquo;opposent \u00e0 toute utilisation commerciale et \u00e0 toute transmission de leurs donn\u00e9es.<\/p>\n<p>En outre, le fournisseur n&rsquo;assume aucune responsabilit\u00e9 quant au contenu et au fonctionnement des sites Internet de tiers auxquels il est fait r\u00e9f\u00e9rence au moyen d&rsquo;hyperliens (\u00ab\u00a0liens externes\u00a0\u00bb). Les sites web de ce type sont soumis \u00e0 la responsabilit\u00e9 de leurs exploitants respectifs, les pages consult\u00e9es par le biais de liens le sont \u00e0 vos propres risques. La mise en place de liens externes ne signifie pas que le fournisseur s&rsquo;approprie les contenus se trouvant derri\u00e8re le lien.<\/p>\n<p>Le contenu des pages propos\u00e9es est prot\u00e9g\u00e9 par les droits d&rsquo;auteur. Ils sont soumis aux droits d&rsquo;auteur de la R\u00e9publique f\u00e9d\u00e9rale d&rsquo;Allemagne. Toute utilisation non autoris\u00e9e par le droit d&rsquo;auteur allemand requiert l&rsquo;accord \u00e9crit pr\u00e9alable du fournisseur ou du d\u00e9tenteur des droits. En particulier, la vente et toute utilisation commerciale sont interdites et ne sont pas autoris\u00e9es. La pr\u00e9sentation de ce site web dans des cadres \u00e9trangers n&rsquo;est g\u00e9n\u00e9ralement pas autoris\u00e9e.<\/p>\n<p>[\/et_pb_text][\/et_pb_column][\/et_pb_row][\/et_pb_section]<\/p>\n","protected":false},"excerpt":{"rendered":"<p>Delphin Tec Schiffstechnik GmbH Mentions l\u00e9galesMentions l\u00e9galesDelphin Tec Schiffstechnik GmbHIndustriestra\u00dfe 1256626 AndernachT\u00e9l\u00e9phone : +49 26 32 \/ 96 55 -80T\u00e9l\u00e9copie : +49 26 32 \/ 96 55 -11E-mail : info@delphin-tec.deInternet : www.delphin-tec.deDirection : Franz With, Matthias SchmittHRB 15457 &#8211; Registre de CoblenceUSt.-.Num\u00e9ro d&rsquo;identification : DE 814 114 112Coordonn\u00e9es bancaires :Kreissparkasse MayenIBAN : DE29576500100020010062 Conditions g\u00e9n\u00e9rales d&rsquo;utilisation Le fournisseur n&rsquo;assume aucune responsabilit\u00e9 quant \u00e0 l&rsquo;exactitude, l&rsquo;exhaustivit\u00e9 et l&rsquo;actualit\u00e9 des contenus mis \u00e0 disposition. L&rsquo;utilisation du contenu du site web se fait aux risques et p\u00e9rils de l&rsquo;utilisateur. Aucune garantie n&rsquo;est donn\u00e9e quant au fonctionnement sans erreur ni interruption du trafic de donn\u00e9es. Il n&rsquo;existe aucun droit \u00e0 ce que d&rsquo;\u00e9ventuels dysfonctionnements soient \u00e9limin\u00e9s ou corrig\u00e9s. Le fournisseur n&rsquo;est pas responsable des contenus et programmes diffus\u00e9s sur ce site, ni des dommages r\u00e9sultant de leur utilisation. Cela s&rsquo;applique \u00e0 tous les dommages, en particulier aux dommages p\u00e9cuniaires, dans la mesure o\u00f9 il n&rsquo;est pas prouv\u00e9 que de tels dommages ont \u00e9t\u00e9 caus\u00e9s intentionnellement ou par n\u00e9gligence grave. La visite et l&rsquo;utilisation du site web peuvent entra\u00eener l&rsquo;enregistrement d&rsquo;informations relatives \u00e0 l&rsquo;acc\u00e8s. Il ne s&rsquo;agit pas de donn\u00e9es \u00e0 caract\u00e8re personnel. Les donn\u00e9es sont analys\u00e9es \u00e0 des fins statistiques. Une transmission \u00e0 des [&hellip;]<\/p>\n","protected":false},"author":1,"featured_media":0,"parent":0,"menu_order":0,"comment_status":"closed","ping_status":"closed","template":"","meta":{"_et_pb_use_builder":"on","_et_pb_old_content":"","_et_gb_content_width":"","footnotes":""},"class_list":["post-2548","page","type-page","status-publish","hentry"],"_links":{"self":[{"href":"https:\/\/yachtcharter-holiday-tours.de\/fr\/wp-json\/wp\/v2\/pages\/2548","targetHints":{"allow":["GET"]}}],"collection":[{"href":"https:\/\/yachtcharter-holiday-tours.de\/fr\/wp-json\/wp\/v2\/pages"}],"about":[{"href":"https:\/\/yachtcharter-holiday-tours.de\/fr\/wp-json\/wp\/v2\/types\/page"}],"author":[{"embeddable":true,"href":"https:\/\/yachtcharter-holiday-tours.de\/fr\/wp-json\/wp\/v2\/users\/1"}],"replies":[{"embeddable":true,"href":"https:\/\/yachtcharter-holiday-tours.de\/fr\/wp-json\/wp\/v2\/comments?post=2548"}],"version-history":[{"count":11,"href":"https:\/\/yachtcharter-holiday-tours.de\/fr\/wp-json\/wp\/v2\/pages\/2548\/revisions"}],"predecessor-version":[{"id":5272,"href":"https:\/\/yachtcharter-holiday-tours.de\/fr\/wp-json\/wp\/v2\/pages\/2548\/revisions\/5272"}],"wp:attachment":[{"href":"https:\/\/yachtcharter-holiday-tours.de\/fr\/wp-json\/wp\/v2\/media?parent=2548"}],"curies":[{"name":"wp","href":"https:\/\/api.w.org\/{rel}","templated":true}]}}