{"id":2726,"date":"2023-01-02T13:10:04","date_gmt":"2023-01-02T13:10:04","guid":{"rendered":"https:\/\/yachtcharter-holiday-tours.de\/formation-de-skipper-et-declusier\/"},"modified":"2024-05-10T16:46:12","modified_gmt":"2024-05-10T16:46:12","slug":"formation-de-skipper-et-declusier","status":"publish","type":"page","link":"https:\/\/yachtcharter-holiday-tours.de\/fr\/formation-de-skipper-et-declusier\/","title":{"rendered":"Formation de skipper et d&rsquo;\u00e9clusier"},"content":{"rendered":"<p>[et_pb_section fb_built=\u00a0\u00bb1&Prime; admin_label=\u00a0\u00bbHeader\u00a0\u00bb _builder_version=\u00a0\u00bb4.19.4&Prime; use_background_color_gradient=\u00a0\u00bbon\u00a0\u00bb background_color_gradient_type=\u00a0\u00bbcircular\u00a0\u00bb background_color_gradient_direction_radial=\u00a0\u00bbtop left\u00a0\u00bb background_color_gradient_stops=\u00a0\u00bbrgba(255,255,255,0.89) 30%|rgba(255,255,255,0) 80%\u00a0\u00bb background_color_gradient_overlays_image=\u00a0\u00bbon\u00a0\u00bb background_color_gradient_start=\u00a0\u00bbrgba(255,255,255,0.89)\u00a0\u00bb background_color_gradient_start_position=\u00a0\u00bb30%\u00a0\u00bb background_color_gradient_end=\u00a0\u00bbrgba(255,255,255,0)\u00a0\u00bb background_color_gradient_end_position=\u00a0\u00bb80%\u00a0\u00bb background_image=\u00a0\u00bbhttps:\/\/yachtcharter-holiday-tours.de\/wp-content\/uploads\/2023\/01\/Linssen-advanced-skipper-training.jpg\u00a0\u00bb background_enable_video_mp4=\u00a0\u00bboff\u00a0\u00bb background_video_width=\u00a0\u00bb1920&Prime; background_video_height=\u00a0\u00bb1280&Prime; background_video_pause_outside_viewport=\u00a0\u00bboff\u00a0\u00bb custom_padding=\u00a0\u00bb12vw|0px|0|0px|false|false\u00a0\u00bb global_colors_info=\u00a0\u00bb{}\u00a0\u00bb][et_pb_row _builder_version=\u00a0\u00bb4.19.2&Prime; custom_margin=\u00a0\u00bb80px||||false|false\u00a0\u00bb global_colors_info=\u00a0\u00bb{}\u00a0\u00bb][et_pb_column type=\u00a0\u00bb4_4&Prime; _builder_version=\u00a0\u00bb4.19.2&Prime; custom_padding=\u00a0\u00bb|||\u00a0\u00bb global_colors_info=\u00a0\u00bb{}\u00a0\u00bb custom_padding__hover=\u00a0\u00bb|||\u00a0\u00bb][et_pb_text _builder_version=\u00a0\u00bb4.19.4&Prime; text_font=\u00a0\u00bb||||||||\u00a0\u00bb header_font=\u00a0\u00bb|700|||||||\u00a0\u00bb header_text_color=\u00a0\u00bb#000000&Prime; header_font_size=\u00a0\u00bb80px\u00a0\u00bb header_line_height=\u00a0\u00bb1.2em\u00a0\u00bb header_5_font=\u00a0\u00bb|500||on|||||\u00a0\u00bb header_5_text_color=\u00a0\u00bb#000000&Prime; header_5_font_size=\u00a0\u00bb20px\u00a0\u00bb header_5_letter_spacing=\u00a0\u00bb0.5em\u00a0\u00bb header_5_line_height=\u00a0\u00bb1.8em\u00a0\u00bb animation_style=\u00a0\u00bbzoom\u00a0\u00bb animation_intensity_zoom=\u00a0\u00bb5%\u00a0\u00bb header_font_size_tablet=\u00a0\u00bb48px\u00a0\u00bb header_font_size_phone=\u00a0\u00bb32px\u00a0\u00bb header_font_size_last_edited=\u00a0\u00bbon|phone\u00a0\u00bb header_5_font_size_tablet=\u00a0\u00bb14px\u00a0\u00bb header_5_font_size_phone=\u00a0\u00bb12px\u00a0\u00bb header_5_font_size_last_edited=\u00a0\u00bbon|desktop\u00a0\u00bb global_colors_info=\u00a0\u00bb{}\u00a0\u00bb]<\/p>\n<h1><span>Formation de skipper &amp; d&rsquo;\u00e9clusier<\/span><\/h1>\n<p>[\/et_pb_text][\/et_pb_column][\/et_pb_row][\/et_pb_section][et_pb_section fb_built=\u00a0\u00bb1&Prime; admin_label=\u00a0\u00bbAbout Us\u00a0\u00bb _builder_version=\u00a0\u00bb4.16&Prime; global_colors_info=\u00a0\u00bb{}\u00a0\u00bb][et_pb_row custom_padding_last_edited=\u00a0\u00bboff|desktop\u00a0\u00bb _builder_version=\u00a0\u00bb4.16&Prime; custom_padding=\u00a0\u00bb27px|0px|0|0px|false|false\u00a0\u00bb custom_padding_tablet=\u00a0\u00bb|0px||0px||true\u00a0\u00bb global_colors_info=\u00a0\u00bb{}\u00a0\u00bb][et_pb_column type=\u00a0\u00bb4_4&Prime; _builder_version=\u00a0\u00bb4.16&Prime; custom_padding=\u00a0\u00bb|||\u00a0\u00bb global_colors_info=\u00a0\u00bb{}\u00a0\u00bb custom_padding__hover=\u00a0\u00bb|||\u00a0\u00bb][et_pb_text _builder_version=\u00a0\u00bb4.19.4&Prime; text_font=\u00a0\u00bb||||||||\u00a0\u00bb text_line_height=\u00a0\u00bb2em\u00a0\u00bb header_font=\u00a0\u00bb||||||||\u00a0\u00bb header_2_font=\u00a0\u00bb|600|||||||\u00a0\u00bb header_2_font_size=\u00a0\u00bb42px\u00a0\u00bb header_2_line_height=\u00a0\u00bb1.4em\u00a0\u00bb header_6_font=\u00a0\u00bbPoppins|||on|||||\u00a0\u00bb header_6_font_size=\u00a0\u00bb16px\u00a0\u00bb header_6_letter_spacing=\u00a0\u00bb5px\u00a0\u00bb header_6_line_height=\u00a0\u00bb1.8em\u00a0\u00bb max_width=\u00a0\u00bb1440px\u00a0\u00bb module_alignment=\u00a0\u00bbleft\u00a0\u00bb header_2_font_size_tablet=\u00a0\u00bb35px\u00a0\u00bb header_2_font_size_phone=\u00a0\u00bb22px\u00a0\u00bb header_2_font_size_last_edited=\u00a0\u00bbon|phone\u00a0\u00bb global_colors_info=\u00a0\u00bb{}\u00a0\u00bb]<\/p>\n<h2>Mener une croisi\u00e8re de mani\u00e8re s\u00fbre et souveraine<\/h2>\n<p>Une formation de skipper est recommand\u00e9e pour les nouveaux permis de conduire ou les titulaires de permis qui n&rsquo;ont que peu d&rsquo;exp\u00e9rience pratique ou qui souhaitent rafra\u00eechir un peu leurs connaissances existantes.<\/p>\n<p>Sous la direction experte d&rsquo;un skipper exp\u00e9riment\u00e9, vous apprendrez \u00e0 piloter un grand yacht en toute s\u00e9curit\u00e9. Notre formation de skipper est la pr\u00e9paration id\u00e9ale pour piloter un yacht sous sa propre responsabilit\u00e9.<\/p>\n<p>Pour un skipper responsable, il ne s&rsquo;agit pas seulement de conduire un yacht en toute s\u00e9curit\u00e9, mais aussi d&rsquo;avoir conscience de sa grande responsabilit\u00e9. Ainsi, l&rsquo;instruction correcte de votre \u00e9quipage fait \u00e9galement partie de vos t\u00e2ches. En cas d&rsquo;urgence, on ne peut pas compter sur chaque membre de l&rsquo;\u00e9quipage pour savoir exactement ce qu&rsquo;il faut faire. Une bonne pr\u00e9paration permet de pr\u00e9venir efficacement de telles situations.<\/p>\n<p>Notre formation de skipper comprend entre autres<\/p>\n<ul>\n<li>Formation \u00e0 la s\u00e9curit\u00e9 de tous les dispositifs de s\u00e9curit\u00e9 et de sauvetage<\/li>\n<li>Introduction \u00e0 toute la technique \u00e0 bord<\/li>\n<li>Man\u0153uvres portuaires telles que l&rsquo;entr\u00e9e et la sortie du box, l&rsquo;amarrage en marche arri\u00e8re au ponton ou \u00e0 la jet\u00e9e, l&rsquo;enfoncement dans l&rsquo;estran, etc.<\/li>\n<li>Diff\u00e9rentes situations d&rsquo;amarrage sur les voies navigables int\u00e9rieures, telles que l&rsquo;amarrage \u00e0 un rideau de palplanches, l&rsquo;amarrage dans les espaces les plus \u00e9troits, l&rsquo;amarrage en long, en avant et en arri\u00e8re, etc.<\/li>\n<li>Passage d&rsquo;\u00e9cluse (pr\u00e9paration et passage d&rsquo;une \u00e9cluse)<\/li>\n<li>Planification de la croisi\u00e8re, \u00e9valuation des bulletins m\u00e9t\u00e9o, utilisation de la radio<\/li>\n<\/ul>\n<p>Nos skippers vous montreront les trucs et astuces qui peuvent vous simplifier le quotidien sur le bateau. Nous nous ferons bien s\u00fbr un plaisir de r\u00e9pondre \u00e0 vos id\u00e9es et besoins tr\u00e8s personnels et d&rsquo;adapter l&rsquo;entra\u00eenement \u00e0 vos besoins individuels.<\/p>\n<p>Demandez-nous notre <a href=\"mailto:info@yachtcharter-holiday-tours.de\">offre<\/a>.<\/p>\n<p>[\/et_pb_text][\/et_pb_column][\/et_pb_row][\/et_pb_section][et_pb_section fb_built=\u00a0\u00bb1&Prime; admin_label=\u00a0\u00bbReservations\u00a0\u00bb _builder_version=\u00a0\u00bb4.19.4&Prime; use_background_color_gradient=\u00a0\u00bbon\u00a0\u00bb background_color_gradient_type=\u00a0\u00bbcircular\u00a0\u00bb background_color_gradient_stops=\u00a0\u00bbrgba(38,46,53,0) 0%|#2f3a44 100%\u00a0\u00bb background_color_gradient_overlays_image=\u00a0\u00bbon\u00a0\u00bb background_color_gradient_start=\u00a0\u00bb#2f3a44&Prime; background_color_gradient_start_position=\u00a0\u00bb25%\u00a0\u00bb background_color_gradient_end=\u00a0\u00bbrgba(38,46,53,0)\u00a0\u00bb background_image=\u00a0\u00bbhttps:\/\/yachtcharter-holiday-tours.de\/wp-content\/uploads\/2022\/12\/Gudrun-Heck.jpg\u00a0\u00bb background_enable_video_mp4=\u00a0\u00bboff\u00a0\u00bb custom_padding=\u00a0\u00bb8vw|0px|280px|0px|false|false\u00a0\u00bb global_colors_info=\u00a0\u00bb{}\u00a0\u00bb][et_pb_row use_custom_gutter=\u00a0\u00bbon\u00a0\u00bb make_equal=\u00a0\u00bbon\u00a0\u00bb _builder_version=\u00a0\u00bb4.16&Prime; global_colors_info=\u00a0\u00bb{}\u00a0\u00bb][et_pb_column type=\u00a0\u00bb4_4&Prime; _builder_version=\u00a0\u00bb4.16&Prime; custom_padding=\u00a0\u00bb|||\u00a0\u00bb global_colors_info=\u00a0\u00bb{}\u00a0\u00bb custom_padding__hover=\u00a0\u00bb|||\u00a0\u00bb][et_pb_text _builder_version=\u00a0\u00bb4.19.4&Prime; text_font=\u00a0\u00bb||||||||\u00a0\u00bb text_font_size=\u00a0\u00bb22px\u00a0\u00bb text_line_height=\u00a0\u00bb2em\u00a0\u00bb header_font=\u00a0\u00bb||||||||\u00a0\u00bb header_2_font=\u00a0\u00bb|700|||||||\u00a0\u00bb header_2_font_size=\u00a0\u00bb42px\u00a0\u00bb header_2_line_height=\u00a0\u00bb1.2em\u00a0\u00bb header_6_font=\u00a0\u00bbRaleway|700||on|||||\u00a0\u00bb header_6_font_size=\u00a0\u00bb16px\u00a0\u00bb header_6_letter_spacing=\u00a0\u00bb5px\u00a0\u00bb header_6_line_height=\u00a0\u00bb1.8em\u00a0\u00bb background_layout=\u00a0\u00bbdark\u00a0\u00bb max_width_tablet=\u00a0\u00bb\u00a0\u00bb max_width_phone=\u00a0\u00bb\u00a0\u00bb max_width_last_edited=\u00a0\u00bbon|desktop\u00a0\u00bb header_2_font_size_tablet=\u00a0\u00bb35px\u00a0\u00bb header_2_font_size_phone=\u00a0\u00bb25px\u00a0\u00bb header_2_font_size_last_edited=\u00a0\u00bbon|phone\u00a0\u00bb locked=\u00a0\u00bboff\u00a0\u00bb global_colors_info=\u00a0\u00bb{}\u00a0\u00bb]<\/p>\n<h3><span><strong>Remise \u00e0 niveau individuelle<\/strong><\/span><\/h3>\n<h2><span>  Formation de skipper &amp; d&rsquo;\u00e9clusier<\/span><\/h2>\n<h3 style=\"text-align: left;\"><strong><span>Merzig<\/span><\/strong><\/h3>\n<p>[\/et_pb_text][\/et_pb_column][\/et_pb_row][\/et_pb_section][et_pb_section fb_built=\u00a0\u00bb1&Prime; admin_label=\u00a0\u00bbContact Info\u00a0\u00bb _builder_version=\u00a0\u00bb4.16&Prime; background_color=\u00a0\u00bb#ffffff\u00a0\u00bb max_width=\u00a0\u00bb90%\u00a0\u00bb max_width_tablet=\u00a0\u00bb\u00a0\u00bb max_width_phone=\u00a0\u00bb100%\u00a0\u00bb max_width_last_edited=\u00a0\u00bbon|phone\u00a0\u00bb custom_margin=\u00a0\u00bb-160px|||\u00a0\u00bb hover_enabled=\u00a0\u00bb0&Prime; border_color_all=\u00a0\u00bb#ffffff\u00a0\u00bb border_width_left=\u00a0\u00bb10vw\u00a0\u00bb global_colors_info=\u00a0\u00bb{}\u00a0\u00bb sticky_enabled=\u00a0\u00bb0&Prime;][et_pb_row column_structure=\u00a0\u00bb1_3,1_3,1_3&Prime; _builder_version=\u00a0\u00bb4.25.0&Prime; width=\u00a0\u00bb100%\u00a0\u00bb hover_enabled=\u00a0\u00bb0&Prime; custom_width_px=\u00a0\u00bb800px\u00a0\u00bb locked=\u00a0\u00bboff\u00a0\u00bb global_colors_info=\u00a0\u00bb{}\u00a0\u00bb sticky_enabled=\u00a0\u00bb0&Prime;][et_pb_column type=\u00a0\u00bb1_3&Prime; _builder_version=\u00a0\u00bb4.16&Prime; custom_padding=\u00a0\u00bb|||\u00a0\u00bb global_colors_info=\u00a0\u00bb{}\u00a0\u00bb custom_padding__hover=\u00a0\u00bb|||\u00a0\u00bb][et_pb_blurb title=\u00a0\u00bb+49 26 32 96 55 90&Prime; use_icon=\u00a0\u00bbon\u00a0\u00bb font_icon=\u00a0\u00bb&#xe090;||divi||400&Prime; icon_placement=\u00a0\u00bbleft\u00a0\u00bb image_icon_width=\u00a0\u00bb24px\u00a0\u00bb _builder_version=\u00a0\u00bb4.22.2&Prime; header_level=\u00a0\u00bbh5&Prime; header_font=\u00a0\u00bbPoppins||||||||\u00a0\u00bb header_text_color=\u00a0\u00bb#000000&Prime; header_line_height=\u00a0\u00bb1.4em\u00a0\u00bb icon_font_size=\u00a0\u00bb24px\u00a0\u00bb global_colors_info=\u00a0\u00bb{}\u00a0\u00bb][\/et_pb_blurb][\/et_pb_column][et_pb_column type=\u00a0\u00bb1_3&Prime; _builder_version=\u00a0\u00bb4.25.0&Prime; custom_padding=\u00a0\u00bb|||\u00a0\u00bb link_option_url_new_window=\u00a0\u00bbon\u00a0\u00bb hover_enabled=\u00a0\u00bb0&Prime; global_colors_info=\u00a0\u00bb{}\u00a0\u00bb custom_padding__hover=\u00a0\u00bb|||\u00a0\u00bb sticky_enabled=\u00a0\u00bb0&Prime;][et_pb_blurb title=\u00a0\u00bbDelphin Tec Schiffstechnik GmbH\u00a0\u00bb use_icon=\u00a0\u00bbon\u00a0\u00bb font_icon=\u00a0\u00bb&#xe081;||divi||400&Prime; icon_placement=\u00a0\u00bbleft\u00a0\u00bb image_icon_width=\u00a0\u00bb24px\u00a0\u00bb _builder_version=\u00a0\u00bb4.25.0&Prime; header_level=\u00a0\u00bbh5&Prime; header_font=\u00a0\u00bbPoppins||||||||\u00a0\u00bb header_text_color=\u00a0\u00bb#000000&Prime; header_line_height=\u00a0\u00bb1.4em\u00a0\u00bb icon_font_size=\u00a0\u00bb24px\u00a0\u00bb global_colors_info=\u00a0\u00bb{}\u00a0\u00bb]<\/p>\n<p><span>Saarwiesenring 12a \/ <\/span><span>Port de plaisance (parking du port) &#8211; <\/span><span>66663 Merzig<\/span><\/p>\n<p>[\/et_pb_blurb][\/et_pb_column][et_pb_column type=\u00a0\u00bb1_3&Prime; _builder_version=\u00a0\u00bb4.16&Prime; custom_padding=\u00a0\u00bb|||\u00a0\u00bb global_colors_info=\u00a0\u00bb{}\u00a0\u00bb custom_padding__hover=\u00a0\u00bb|||\u00a0\u00bb][et_pb_blurb title=\u00a0\u00bbinfo@yachtcharter-holiday-tours.de\u00a0\u00bb url=\u00a0\u00bbmailto:info@yachtcharter-holiday-tours.de\u00a0\u00bb use_icon=\u00a0\u00bbon\u00a0\u00bb font_icon=\u00a0\u00bb&#xe076;||divi||400&Prime; icon_placement=\u00a0\u00bbleft\u00a0\u00bb image_icon_width=\u00a0\u00bb24px\u00a0\u00bb _builder_version=\u00a0\u00bb4.19.4&Prime; header_level=\u00a0\u00bbh5&Prime; header_font=\u00a0\u00bbPoppins||||||||\u00a0\u00bb header_text_color=\u00a0\u00bb#000000&Prime; header_line_height=\u00a0\u00bb1.4em\u00a0\u00bb icon_font_size=\u00a0\u00bb24px\u00a0\u00bb global_colors_info=\u00a0\u00bb{}\u00a0\u00bb][\/et_pb_blurb][\/et_pb_column][\/et_pb_row][\/et_pb_section]<\/p>\n","protected":false},"excerpt":{"rendered":"<p>Formation de skipper &amp; d&rsquo;\u00e9clusierMener une croisi\u00e8re de mani\u00e8re s\u00fbre et souveraine Une formation de skipper est recommand\u00e9e pour les nouveaux permis de conduire ou les titulaires de permis qui n&rsquo;ont que peu d&rsquo;exp\u00e9rience pratique ou qui souhaitent rafra\u00eechir un peu leurs connaissances existantes. Sous la direction experte d&rsquo;un skipper exp\u00e9riment\u00e9, vous apprendrez \u00e0 piloter un grand yacht en toute s\u00e9curit\u00e9. Notre formation de skipper est la pr\u00e9paration id\u00e9ale pour piloter un yacht sous sa propre responsabilit\u00e9. Pour un skipper responsable, il ne s&rsquo;agit pas seulement de conduire un yacht en toute s\u00e9curit\u00e9, mais aussi d&rsquo;avoir conscience de sa grande responsabilit\u00e9. Ainsi, l&rsquo;instruction correcte de votre \u00e9quipage fait \u00e9galement partie de vos t\u00e2ches. En cas d&rsquo;urgence, on ne peut pas compter sur chaque membre de l&rsquo;\u00e9quipage pour savoir exactement ce qu&rsquo;il faut faire. Une bonne pr\u00e9paration permet de pr\u00e9venir efficacement de telles situations. Notre formation de skipper comprend entre autres Formation \u00e0 la s\u00e9curit\u00e9 de tous les dispositifs de s\u00e9curit\u00e9 et de sauvetage Introduction \u00e0 toute la technique \u00e0 bord Man\u0153uvres portuaires telles que l&rsquo;entr\u00e9e et la sortie du box, l&rsquo;amarrage en marche arri\u00e8re au ponton ou \u00e0 la jet\u00e9e, l&rsquo;enfoncement dans l&rsquo;estran, etc. Diff\u00e9rentes situations d&rsquo;amarrage sur les voies [&hellip;]<\/p>\n","protected":false},"author":2,"featured_media":0,"parent":0,"menu_order":0,"comment_status":"closed","ping_status":"closed","template":"","meta":{"_et_pb_use_builder":"on","_et_pb_old_content":"","_et_gb_content_width":"","footnotes":""},"class_list":["post-2726","page","type-page","status-publish","hentry"],"_links":{"self":[{"href":"https:\/\/yachtcharter-holiday-tours.de\/fr\/wp-json\/wp\/v2\/pages\/2726","targetHints":{"allow":["GET"]}}],"collection":[{"href":"https:\/\/yachtcharter-holiday-tours.de\/fr\/wp-json\/wp\/v2\/pages"}],"about":[{"href":"https:\/\/yachtcharter-holiday-tours.de\/fr\/wp-json\/wp\/v2\/types\/page"}],"author":[{"embeddable":true,"href":"https:\/\/yachtcharter-holiday-tours.de\/fr\/wp-json\/wp\/v2\/users\/2"}],"replies":[{"embeddable":true,"href":"https:\/\/yachtcharter-holiday-tours.de\/fr\/wp-json\/wp\/v2\/comments?post=2726"}],"version-history":[{"count":6,"href":"https:\/\/yachtcharter-holiday-tours.de\/fr\/wp-json\/wp\/v2\/pages\/2726\/revisions"}],"predecessor-version":[{"id":5006,"href":"https:\/\/yachtcharter-holiday-tours.de\/fr\/wp-json\/wp\/v2\/pages\/2726\/revisions\/5006"}],"wp:attachment":[{"href":"https:\/\/yachtcharter-holiday-tours.de\/fr\/wp-json\/wp\/v2\/media?parent=2726"}],"curies":[{"name":"wp","href":"https:\/\/api.w.org\/{rel}","templated":true}]}}