{"id":2460,"date":"2022-12-02T15:24:43","date_gmt":"2022-12-02T15:24:43","guid":{"rendered":"https:\/\/yachtcharter-holiday-tours.de\/azienda\/"},"modified":"2025-01-15T10:45:20","modified_gmt":"2025-01-15T10:45:20","slug":"azienda","status":"publish","type":"page","link":"https:\/\/yachtcharter-holiday-tours.de\/it\/azienda\/","title":{"rendered":"Azienda"},"content":{"rendered":"<p>[et_pb_section fb_built=&#8221;1&#8243; admin_label=&#8221;Header&#8221; _builder_version=&#8221;4.16&#8243; use_background_color_gradient=&#8221;on&#8221; background_color_gradient_type=&#8221;circular&#8221; background_color_gradient_direction_radial=&#8221;top left&#8221; background_color_gradient_stops=&#8221;rgba(255,255,255,0.89) 30%|rgba(255,255,255,0) 80%&#8221; background_color_gradient_overlays_image=&#8221;on&#8221; background_color_gradient_start=&#8221;rgba(255,255,255,0.89)&#8221; background_color_gradient_start_position=&#8221;30%&#8221; background_color_gradient_end=&#8221;rgba(255,255,255,0)&#8221; background_color_gradient_end_position=&#8221;80%&#8221; background_image=&#8221;https:\/\/yachtcharter-holiday-tours.de\/wp-content\/uploads\/2022\/12\/Delphin-Tec-Schiffstechnik-GmbH.jpeg&#8221; background_enable_video_mp4=&#8221;off&#8221; background_video_width=&#8221;1920&#8243; background_video_height=&#8221;1280&#8243; background_video_pause_outside_viewport=&#8221;off&#8221; custom_padding=&#8221;12vw|0px|0|0px|false|false&#8221; global_colors_info=&#8221;{}&#8221;][et_pb_row _builder_version=&#8221;4.16&#8243; custom_margin=&#8221;|||&#8221; global_colors_info=&#8221;{}&#8221;][et_pb_column type=&#8221;4_4&#8243; _builder_version=&#8221;4.16&#8243; custom_padding=&#8221;|||&#8221; global_colors_info=&#8221;{}&#8221; custom_padding__hover=&#8221;|||&#8221;][et_pb_text _builder_version=&#8221;4.19.4&#8243; text_font=&#8221;||||||||&#8221; header_font=&#8221;|700|||||||&#8221; header_text_color=&#8221;#000000&#8243; header_font_size=&#8221;80px&#8221; header_line_height=&#8221;1.2em&#8221; header_5_font=&#8221;Poppins|500||on|||||&#8221; header_5_text_color=&#8221;#000000&#8243; header_5_font_size=&#8221;20px&#8221; header_5_letter_spacing=&#8221;0.5em&#8221; header_5_line_height=&#8221;1.8em&#8221; animation_style=&#8221;zoom&#8221; animation_intensity_zoom=&#8221;5%&#8221; header_font_size_tablet=&#8221;48px&#8221; header_font_size_phone=&#8221;32px&#8221; header_font_size_last_edited=&#8221;on|phone&#8221; header_5_font_size_tablet=&#8221;14px&#8221; header_5_font_size_phone=&#8221;12px&#8221; header_5_font_size_last_edited=&#8221;on|desktop&#8221; global_colors_info=&#8221;{}&#8221;]<\/p>\n<h5><\/h5>\n<h1>Chi siamo<\/h1>\n<p>[\/et_pb_text][\/et_pb_column][\/et_pb_row][et_pb_row column_structure=&#8221;1_4,1_4,1_4,1_4&#8243; use_custom_gutter=&#8221;on&#8221; make_equal=&#8221;on&#8221; custom_padding_last_edited=&#8221;on|desktop&#8221; _builder_version=&#8221;4.16&#8243; background_color=&#8221;#ffffff&#8221; width=&#8221;90%&#8221; max_width=&#8221;90%&#8221; module_alignment=&#8221;left&#8221; custom_margin=&#8221;12vw||||false&#8221; custom_padding=&#8221;0|0px|0px|15vw|false|false&#8221; custom_padding_tablet=&#8221;|||10vw&#8221; custom_padding_phone=&#8221;&#8221; animation_style=&#8221;slide&#8221; animation_direction=&#8221;left&#8221; animation_intensity_slide=&#8221;5%&#8221; use_custom_width=&#8221;on&#8221; width_unit=&#8221;off&#8221; custom_width_percent=&#8221;90%&#8221; locked=&#8221;off&#8221; global_colors_info=&#8221;{}&#8221;][et_pb_column type=&#8221;1_4&#8243; _builder_version=&#8221;4.16&#8243; custom_padding=&#8221;74px|||&#8221; custom_padding_tablet=&#8221;40px|||&#8221; custom_padding_phone=&#8221;20px|||&#8221; custom_padding_last_edited=&#8221;off|desktop&#8221; global_colors_info=&#8221;{}&#8221; padding_phone=&#8221;20px|||&#8221; padding_tablet=&#8221;40px|||&#8221; padding_last_edited=&#8221;off|desktop&#8221; custom_padding__hover=&#8221;|||&#8221;][et_pb_blurb title=&#8221;Sede centrale Andernach&#8221; use_icon=&#8221;on&#8221; font_icon=&#8221;\ue081||divi||400&#8243; icon_placement=&#8221;left&#8221; image_icon_width=&#8221;24px&#8221; _builder_version=&#8221;4.16&#8243; header_level=&#8221;h5&#8243; header_font=&#8221;Poppins||||||||&#8221; header_line_height=&#8221;1.4em&#8221; link_option_url=&#8221;https:\/\/goo.gl\/maps\/sCLQWi64VUkXWdgj6&#8243; link_option_url_new_window=&#8221;on&#8221; icon_font_size=&#8221;24px&#8221; global_colors_info=&#8221;{}&#8221;][\/et_pb_blurb][\/et_pb_column][et_pb_column type=&#8221;1_4&#8243; _builder_version=&#8221;4.16&#8243; custom_padding=&#8221;74px|||&#8221; custom_padding_tablet=&#8221;40px|||&#8221; custom_padding_phone=&#8221;20px|||&#8221; custom_padding_last_edited=&#8221;off|desktop&#8221; global_colors_info=&#8221;{}&#8221; padding_phone=&#8221;20px|||&#8221; padding_tablet=&#8221;40px|||&#8221; padding_last_edited=&#8221;off|desktop&#8221; custom_padding__hover=&#8221;|||&#8221;][et_pb_blurb title=&#8221;50 dipendenti&#8221; use_icon=&#8221;on&#8221; font_icon=&#8221;\ue08b||divi||400&#8243; icon_placement=&#8221;left&#8221; image_icon_width=&#8221;24px&#8221; _builder_version=&#8221;4.23&#8243; header_level=&#8221;h5&#8243; header_font=&#8221;Poppins||||||||&#8221; header_line_height=&#8221;1.4em&#8221; icon_font_size=&#8221;24px&#8221; global_colors_info=&#8221;{}&#8221;][\/et_pb_blurb][\/et_pb_column][et_pb_column type=&#8221;1_4&#8243; _builder_version=&#8221;4.16&#8243; custom_padding=&#8221;74px|||&#8221; custom_padding_tablet=&#8221;40px|||&#8221; custom_padding_phone=&#8221;20px|||&#8221; custom_padding_last_edited=&#8221;off|desktop&#8221; global_colors_info=&#8221;{}&#8221; padding_phone=&#8221;20px|||&#8221; padding_tablet=&#8221;40px|||&#8221; padding_last_edited=&#8221;off|desktop&#8221; custom_padding__hover=&#8221;|||&#8221;][et_pb_blurb title=&#8221;Fondazione 1924&#8243; use_icon=&#8221;on&#8221; font_icon=&#8221;\uf011||fa||900&#8243; icon_placement=&#8221;left&#8221; image_icon_width=&#8221;24px&#8221; _builder_version=&#8221;4.16&#8243; header_level=&#8221;h5&#8243; header_font=&#8221;Poppins||||||||&#8221; header_line_height=&#8221;1.4em&#8221; icon_font_size=&#8221;24px&#8221; global_colors_info=&#8221;{}&#8221;][\/et_pb_blurb][\/et_pb_column][et_pb_column type=&#8221;1_4&#8243; _builder_version=&#8221;4.16&#8243; custom_padding=&#8221;74px|||&#8221; custom_padding_tablet=&#8221;40px|||&#8221; custom_padding_phone=&#8221;20px|||&#8221; custom_padding_last_edited=&#8221;off|desktop&#8221; global_colors_info=&#8221;{}&#8221; padding_phone=&#8221;20px|||&#8221; padding_tablet=&#8221;40px|||&#8221; padding_last_edited=&#8221;off|desktop&#8221; custom_padding__hover=&#8221;|||&#8221;][et_pb_blurb title=&#8221;Aziende della rete&#8221; use_icon=&#8221;on&#8221; font_icon=&#8221;\uf4c4||fa||900&#8243; icon_placement=&#8221;left&#8221; image_icon_width=&#8221;24px&#8221; _builder_version=&#8221;4.19.4&#8243; header_level=&#8221;h5&#8243; header_font=&#8221;Poppins||||||||&#8221; header_line_height=&#8221;1.4em&#8221; icon_font_size=&#8221;24px&#8221; global_colors_info=&#8221;{}&#8221;][\/et_pb_blurb][\/et_pb_column][\/et_pb_row][\/et_pb_section][et_pb_section fb_built=&#8221;1&#8243; admin_label=&#8221;About Us&#8221; _builder_version=&#8221;4.16&#8243; global_colors_info=&#8221;{}&#8221;][et_pb_row custom_padding_last_edited=&#8221;off|desktop&#8221; _builder_version=&#8221;4.16&#8243; custom_padding=&#8221;27px|0px|0|0px|false|false&#8221; custom_padding_tablet=&#8221;|0px||0px||true&#8221; global_colors_info=&#8221;{}&#8221;][et_pb_column type=&#8221;4_4&#8243; _builder_version=&#8221;4.16&#8243; custom_padding=&#8221;|||&#8221; global_colors_info=&#8221;{}&#8221; custom_padding__hover=&#8221;|||&#8221;][et_pb_text _builder_version=&#8221;4.19.4&#8243; text_font=&#8221;||||||||&#8221; text_line_height=&#8221;2em&#8221; header_font=&#8221;||||||||&#8221; header_2_font=&#8221;|600|||||||&#8221; header_2_font_size=&#8221;42px&#8221; header_2_line_height=&#8221;1.4em&#8221; header_6_font=&#8221;Poppins|||on|||||&#8221; header_6_font_size=&#8221;16px&#8221; header_6_letter_spacing=&#8221;5px&#8221; header_6_line_height=&#8221;1.8em&#8221; max_width=&#8221;1440px&#8221; module_alignment=&#8221;left&#8221; header_2_font_size_tablet=&#8221;35px&#8221; header_2_font_size_phone=&#8221;22px&#8221; header_2_font_size_last_edited=&#8221;on|phone&#8221; global_colors_info=&#8221;{}&#8221;]<\/p>\n<h2><strong>Dal 1994 Yacht Charter Holiday Tours  <\/strong><\/h2>\n<p>[\/et_pb_text][\/et_pb_column][\/et_pb_row][et_pb_row column_structure=&#8221;2_3,1_3&#8243; custom_padding_last_edited=&#8221;off|desktop&#8221; _builder_version=&#8221;4.16&#8243; custom_padding=&#8221;27px|0|27px|0px|false|false&#8221; custom_padding_tablet=&#8221;|0px||0px||true&#8221; global_colors_info=&#8221;{}&#8221;][et_pb_column type=&#8221;2_3&#8243; _builder_version=&#8221;4.16&#8243; custom_padding=&#8221;|||&#8221; global_colors_info=&#8221;{}&#8221; custom_padding__hover=&#8221;|||&#8221;][et_pb_text _builder_version=&#8221;4.27.4&#8243; text_font=&#8221;Poppins||||||||&#8221; text_line_height=&#8221;2em&#8221; header_font=&#8221;||||||||&#8221; header_2_font=&#8221;Raleway|700|||||||&#8221; header_2_font_size=&#8221;50px&#8221; header_2_line_height=&#8221;1.4em&#8221; header_6_font=&#8221;Raleway|700||on|||||&#8221; header_6_font_size=&#8221;16px&#8221; header_6_letter_spacing=&#8221;5px&#8221; header_6_line_height=&#8221;1.8em&#8221; max_width=&#8221;1440px&#8221; module_alignment=&#8221;left&#8221; header_2_font_size_tablet=&#8221;35px&#8221; header_2_font_size_phone=&#8221;25px&#8221; header_2_font_size_last_edited=&#8221;on|phone&#8221; global_colors_info=&#8221;{}&#8221;]<\/p>\n<p><strong>Il successo di ogni viaggio \u00e8 sempre stato in primo piano per voi.  <\/strong><\/p>\n<p><span>Dal<\/span> <span>1994<\/span> <span>,<\/span> <span>il team<\/span> <span>di<\/span> <span>Heidi<\/span> <span>e<\/span> <span>Peter<\/span> <span>Sch\u00f6nberger<\/span> <span>offre<\/span> <span>meravigliose<\/span> <span>e<\/span> <span>rilassanti<\/span> vacanze in barca con gli yacht Linssen dal porto di Merzig sulla Saar. Chi la conosce sa che gli sport acquatici scorrono nelle sue vene. Quando hanno noleggiato Linssen Yachts, leader innovativo e di mercato nella progettazione e produzione di esclusivi motor yacht in acciaio fino a 17 metri, Linssen Yachts B.V. di Maasbracht, nei Paesi Bassi, ha trattato e mantenuto gli yacht come se fossero le proprie imbarcazioni. Di conseguenza, si sono fatti un nome eccellente nella regione di Saar\/Moselle e oltre, in tutta la Germania e all&#8217;estero. Sono stati anche membri cofondatori della forte e unica rete europea di charter LBH, Linssen Boating Holidays, che lavora in stretta collaborazione con il tradizionale cantiere olandese Linssen Yachts B.V. per investitori e proprietari di barche. Ad oggi, innumerevoli proprietari di yacht, tra cui molti clienti abituali di lunga data, hanno affidato le loro imbarcazioni ai servizi di noleggio di fiducia del team di Yacht Charter Holiday Tours.<\/p>\n<p><strong>A partire dall&#8217;1.1.2023, il lavoro di una vita \u00e8 passato alla Delphin Tec Schiffstechnik GmbH.<\/strong><\/p>\n<p>La pianificazione della successione non \u00e8 affatto semplice quando si tratta del lavoro di una vita. Heidi e Peter Sch\u00f6nberger ne erano consapevoli e per questo da tempo erano impegnati a trovare una soluzione sostenibile, poich\u00e9 volevano concentrarsi sul loro secondo pilastro, la vendita e il noleggio di camper. Perch\u00e9 l\u00ec \u00e8 possibile una soluzione successoria interna alla famiglia. Su istigazione di un buon conoscente, sono stati riuniti con Matthias Schmitt, Alex Friesen e Franz With, i tre amici imprenditori di Delphin Tec Schiffstechnik GmbH. Dal 2004 <a href=\"http:\/\/www.delphin-tec.de\" target=\"_blank\" rel=\"noopener\">Delphin Tec Schiffstechnik GmbH<\/a> fornisce tutti i servizi di vendita, noleggio, assistenza e manutenzione di imbarcazioni da diporto.<\/p>\n<p>Fin dall&#8217;inizio, l&#8217;intesa tra i coniugi Heidi e Peter Sch\u00f6nberger e i tre soci paritari di Delphin Tec Schiffstechnik GmbH era giusta. Dalla primavera del 2022 sono attivi anche nel Saarland con le loro innovative <a href=\"http:\/\/www.joylife.boats\" target=\"_blank\" rel=\"noopener\">case galleggianti elettriche Joylife<\/a> in affitto. Con l&#8217;acquisizione del noleggio degli yacht Linssen, si creano sinergie commerciali sostenibili per la Delphin Tec Schiffstechnik GmbH.<\/p>\n<p>Delphin Tec Schiffstechnik GmbH fa parte del gruppo di aziende SBS. <a href=\"http:\/\/www.sbs-andernach.de\" target=\"_blank\" rel=\"noopener\">SBS Andernach GmbH<\/a> di Andernach, nella Renania-Palatinato, si \u00e8 distinta con successo sul mercato come produttore di ponti di atterraggio, strutture per imbarcazioni sportive, ponti galleggianti, garage per imbarcazioni, imbarcazioni speciali per i vigili del fuoco, la polizia e i servizi di soccorso, traghetti, nonch\u00e9 imbarcazioni da diporto e case galleggianti. Ad esempio, sono gi\u00e0 stati costruiti i posti barca di V\u00f6lklingen, Saarlouis e Saarburg o il traghetto Welles nel Saarland. La societ\u00e0 madre SBS Andernach GmbH esiste da 100 anni come azienda di medie dimensioni.<\/p>\n<p>SBS Andernach GmbH e l&#8217;altra societ\u00e0 consociata <a href=\"https:\/\/sbs-technik.gmbh\" target=\"_blank\" rel=\"noopener\">SBS Technik GmbH<\/a>, che si occupa di ingegneria elettrica di navi e imbarcazioni, sono quindi responsabili dell&#8217;assistenza e della manutenzione, compresa la hotline per le crociere, degli yacht Linssen di Yacht Charter Holiday Tours.<\/p>\n<p>[\/et_pb_text][\/et_pb_column][et_pb_column type=&#8221;1_3&#8243; _builder_version=&#8221;4.16&#8243; custom_padding=&#8221;|||&#8221; global_colors_info=&#8221;{}&#8221; custom_padding__hover=&#8221;|||&#8221;][et_pb_image src=&#8221;https:\/\/yachtcharter-holiday-tours.de\/wp-content\/uploads\/2025\/01\/ADZ-Siegel-Delphin-Tec-Schiffstechnik-GmbH_RGB-scaled.jpg&#8221; title_text=&#8221;ADZ-Siegel Delphin Tec Schiffstechnik GmbH_RGB&#8221; url=&#8221;https:\/\/yachtcharter-holiday-tours.de\/wp-content\/uploads\/2025\/01\/URKUNDE-ADZ-Delphin-Tec-Schiffstechnik-GmbH.pdf&#8221; url_new_window=&#8221;on&#8221; align=&#8221;center&#8221; _builder_version=&#8221;4.27.4&#8243; _module_preset=&#8221;default&#8221; height=&#8221;300px&#8221; hover_enabled=&#8221;0&#8243; global_colors_info=&#8221;{}&#8221; sticky_enabled=&#8221;0&#8243;][\/et_pb_image][et_pb_image src=&#8221;https:\/\/yachtcharter-holiday-tours.de\/wp-content\/uploads\/2023\/01\/Prosit-auf-Nachfolge-Yachtcharter.jpeg&#8221; title_text=&#8221;Prosit auf Nachfolge Yachtcharter&#8221; show_in_lightbox=&#8221;on&#8221; _builder_version=&#8221;4.19.2&#8243; _module_preset=&#8221;default&#8221; global_colors_info=&#8221;{}&#8221;][\/et_pb_image][et_pb_image src=&#8221;https:\/\/yachtcharter-holiday-tours.de\/wp-content\/uploads\/2025\/01\/Linssen-Werft.jpg&#8221; title_text=&#8221;Linssen Werft&#8221; show_in_lightbox=&#8221;on&#8221; _builder_version=&#8221;4.27.4&#8243; _module_preset=&#8221;default&#8221; global_colors_info=&#8221;{}&#8221;][\/et_pb_image][et_pb_image src=&#8221;https:\/\/yachtcharter-holiday-tours.de\/wp-content\/uploads\/2022\/12\/SBS-Firmenansicht-volbild_aussen.jpg&#8221; title_text=&#8221;SBS-Firmenansicht-volbild_aussen&#8221; show_in_lightbox=&#8221;on&#8221; _builder_version=&#8221;4.16&#8243; _module_preset=&#8221;default&#8221; global_colors_info=&#8221;{}&#8221;][\/et_pb_image][et_pb_image src=&#8221;https:\/\/yachtcharter-holiday-tours.de\/wp-content\/uploads\/2023\/01\/Delphin-Tec-Schiffstechnik-GmbH-1024&#215;768-1.jpeg&#8221; title_text=&#8221;Delphin-Tec-Schiffstechnik-GmbH-1024&#215;768&#8243; show_in_lightbox=&#8221;on&#8221; _builder_version=&#8221;4.19.2&#8243; _module_preset=&#8221;default&#8221; global_colors_info=&#8221;{}&#8221;][\/et_pb_image][\/et_pb_column][\/et_pb_row][et_pb_row _builder_version=&#8221;4.19.2&#8243; _module_preset=&#8221;default&#8221; global_colors_info=&#8221;{}&#8221;][et_pb_column type=&#8221;4_4&#8243; _builder_version=&#8221;4.19.2&#8243; _module_preset=&#8221;default&#8221; global_colors_info=&#8221;{}&#8221;][dsm_image_carousel gallery_ids=&#8221;132,640,135,642,643,655,649,650,654&#8243; _builder_version=&#8221;4.19.2&#8243; _module_preset=&#8221;default&#8221; global_colors_info=&#8221;{}&#8221;][\/dsm_image_carousel][\/et_pb_column][\/et_pb_row][\/et_pb_section][et_pb_section fb_built=&#8221;1&#8243; admin_label=&#8221;Reservations&#8221; _builder_version=&#8221;4.19.4&#8243; use_background_color_gradient=&#8221;on&#8221; background_color_gradient_direction=&#8221;150deg&#8221; background_color_gradient_stops=&#8221;rgba(38,46,53,0) 0%|#2f3a44 100%&#8221; background_color_gradient_overlays_image=&#8221;on&#8221; background_color_gradient_start=&#8221;#2f3a44&#8243; background_color_gradient_start_position=&#8221;25%&#8221; background_color_gradient_end=&#8221;rgba(38,46,53,0)&#8221; background_image=&#8221;https:\/\/yachtcharter-holiday-tours.de\/wp-content\/uploads\/2023\/01\/Joylife-Boats-Flotte-.jpg&#8221; background_enable_video_mp4=&#8221;off&#8221; custom_padding=&#8221;8vw|0px|280px|0px|false|false&#8221; global_colors_info=&#8221;{}&#8221;][et_pb_row use_custom_gutter=&#8221;on&#8221; make_equal=&#8221;on&#8221; _builder_version=&#8221;4.16&#8243; global_colors_info=&#8221;{}&#8221;][et_pb_column type=&#8221;4_4&#8243; _builder_version=&#8221;4.16&#8243; custom_padding=&#8221;|||&#8221; global_colors_info=&#8221;{}&#8221; custom_padding__hover=&#8221;|||&#8221;][et_pb_text _builder_version=&#8221;4.19.4&#8243; text_font=&#8221;||||||||&#8221; text_font_size=&#8221;22px&#8221; text_line_height=&#8221;2em&#8221; header_font=&#8221;||||||||&#8221; header_2_font=&#8221;|700|||||||&#8221; header_2_font_size=&#8221;42px&#8221; header_2_line_height=&#8221;1.2em&#8221; header_6_font=&#8221;Raleway|700||on|||||&#8221; header_6_font_size=&#8221;16px&#8221; header_6_letter_spacing=&#8221;5px&#8221; header_6_line_height=&#8221;1.8em&#8221; background_layout=&#8221;dark&#8221; max_width_tablet=&#8221;&#8221; max_width_phone=&#8221;&#8221; max_width_last_edited=&#8221;on|desktop&#8221; header_2_font_size_tablet=&#8221;35px&#8221; header_2_font_size_phone=&#8221;25px&#8221; header_2_font_size_last_edited=&#8221;on|phone&#8221; locked=&#8221;off&#8221; global_colors_info=&#8221;{}&#8221;]<\/p>\n<h3><span><strong>Ultima innovazione SBS Andernach GmbH<\/strong><\/span><\/h3>\n<h2><span>Joylife Case galleggianti elettriche<\/span><\/h2>\n<h3 style=\"text-align: left;\"><strong><span>Lussuosa casa vacanze sull&#8217;acqua  <\/span><\/strong><\/h3>\n<p>[\/et_pb_text][\/et_pb_column][\/et_pb_row][\/et_pb_section][et_pb_section fb_built=&#8221;1&#8243; admin_label=&#8221;Contact Info&#8221; _builder_version=&#8221;4.16&#8243; background_color=&#8221;#ffffff&#8221; max_width=&#8221;90%&#8221; max_width_tablet=&#8221;&#8221; max_width_phone=&#8221;100%&#8221; max_width_last_edited=&#8221;on|phone&#8221; custom_margin=&#8221;-160px|||&#8221; border_color_all=&#8221;#ffffff&#8221; border_width_left=&#8221;10vw&#8221; global_colors_info=&#8221;{}&#8221;][et_pb_row column_structure=&#8221;1_3,1_3,1_3&#8243; _builder_version=&#8221;4.25.0&#8243; width=&#8221;100%&#8221; custom_width_px=&#8221;800px&#8221; locked=&#8221;off&#8221; global_colors_info=&#8221;{}&#8221;][et_pb_column type=&#8221;1_3&#8243; _builder_version=&#8221;4.16&#8243; custom_padding=&#8221;|||&#8221; global_colors_info=&#8221;{}&#8221; custom_padding__hover=&#8221;|||&#8221;][et_pb_blurb title=&#8221;+49 (0) 26 32 96 55 90&#8243; use_icon=&#8221;on&#8221; font_icon=&#8221;\ue090||divi||400&#8243; icon_placement=&#8221;left&#8221; image_icon_width=&#8221;24px&#8221; _builder_version=&#8221;4.17.3&#8243; header_level=&#8221;h5&#8243; header_font=&#8221;Poppins||||||||&#8221; header_text_color=&#8221;#000000&#8243; header_line_height=&#8221;1.4em&#8221; icon_font_size=&#8221;24px&#8221; global_colors_info=&#8221;{}&#8221;][\/et_pb_blurb][\/et_pb_column][et_pb_column type=&#8221;1_3&#8243; _builder_version=&#8221;4.25.0&#8243; custom_padding=&#8221;|||&#8221; link_option_url_new_window=&#8221;on&#8221; global_colors_info=&#8221;{}&#8221; custom_padding__hover=&#8221;|||&#8221;][et_pb_blurb title=&#8221;Delphin Tec Schiffstechnik GmbH&#8221; use_icon=&#8221;on&#8221; font_icon=&#8221;\ue081||divi||400&#8243; icon_placement=&#8221;left&#8221; image_icon_width=&#8221;24px&#8221; _builder_version=&#8221;4.25.0&#8243; header_level=&#8221;h5&#8243; header_font=&#8221;||||||||&#8221; header_text_color=&#8221;#000000&#8243; header_line_height=&#8221;1.4em&#8221; link_option_url_new_window=&#8221;on&#8221; icon_font_size=&#8221;24px&#8221; global_module=&#8221;4949&#8243; global_colors_info=&#8221;{}&#8221;]<\/p>\n<p><span>Saarwiesenring 12a \/ <\/span><span>Yachthafen (parcheggio del porto) &#8211; <\/span><span>66663 Merzig<\/span><\/p>\n<p>[\/et_pb_blurb][\/et_pb_column][et_pb_column type=&#8221;1_3&#8243; _builder_version=&#8221;4.16&#8243; custom_padding=&#8221;|||&#8221; global_colors_info=&#8221;{}&#8221; custom_padding__hover=&#8221;|||&#8221;][et_pb_blurb title=&#8221;info@yachtcharter-holiday-tours.de&#8221; url=&#8221;mailto:info@yachtcharter-holiday-tours.de&#8221; use_icon=&#8221;on&#8221; font_icon=&#8221;\ue076||divi||400&#8243; icon_placement=&#8221;left&#8221; image_icon_width=&#8221;24px&#8221; _builder_version=&#8221;4.19.4&#8243; header_level=&#8221;h5&#8243; header_font=&#8221;Poppins||||||||&#8221; header_text_color=&#8221;#000000&#8243; header_line_height=&#8221;1.4em&#8221; icon_font_size=&#8221;24px&#8221; global_colors_info=&#8221;{}&#8221;][\/et_pb_blurb][\/et_pb_column][\/et_pb_row][\/et_pb_section]<\/p>\n","protected":false},"excerpt":{"rendered":"<p>Chi siamoDal 1994 Yacht Charter Holiday Tours Il successo di ogni viaggio \u00e8 sempre stato in primo piano per voi. Dal 1994 , il team di Heidi e Peter Sch\u00f6nberger offre meravigliose e rilassanti vacanze in barca con gli yacht Linssen dal porto di Merzig sulla Saar. Chi la conosce sa che gli sport acquatici scorrono nelle sue vene. Quando hanno noleggiato Linssen Yachts, leader innovativo e di mercato nella progettazione e produzione di esclusivi motor yacht in acciaio fino a 17 metri, Linssen Yachts B.V. di Maasbracht, nei Paesi Bassi, ha trattato e mantenuto gli yacht come se fossero le proprie imbarcazioni. Di conseguenza, si sono fatti un nome eccellente nella regione di Saar\/Moselle e oltre, in tutta la Germania e all&#8217;estero. Sono stati anche membri cofondatori della forte e unica rete europea di charter LBH, Linssen Boating Holidays, che lavora in stretta collaborazione con il tradizionale cantiere olandese Linssen Yachts B.V. per investitori e proprietari di barche. Ad oggi, innumerevoli proprietari di yacht, tra cui molti clienti abituali di lunga data, hanno affidato le loro imbarcazioni ai servizi di noleggio di fiducia del team di Yacht Charter Holiday Tours. A partire dall&#8217;1.1.2023, il lavoro di una vita \u00e8 [&hellip;]<\/p>\n","protected":false},"author":1,"featured_media":0,"parent":0,"menu_order":0,"comment_status":"closed","ping_status":"closed","template":"","meta":{"_et_pb_use_builder":"on","_et_pb_old_content":"","_et_gb_content_width":"","footnotes":""},"class_list":["post-2460","page","type-page","status-publish","hentry"],"_links":{"self":[{"href":"https:\/\/yachtcharter-holiday-tours.de\/it\/wp-json\/wp\/v2\/pages\/2460","targetHints":{"allow":["GET"]}}],"collection":[{"href":"https:\/\/yachtcharter-holiday-tours.de\/it\/wp-json\/wp\/v2\/pages"}],"about":[{"href":"https:\/\/yachtcharter-holiday-tours.de\/it\/wp-json\/wp\/v2\/types\/page"}],"author":[{"embeddable":true,"href":"https:\/\/yachtcharter-holiday-tours.de\/it\/wp-json\/wp\/v2\/users\/1"}],"replies":[{"embeddable":true,"href":"https:\/\/yachtcharter-holiday-tours.de\/it\/wp-json\/wp\/v2\/comments?post=2460"}],"version-history":[{"count":7,"href":"https:\/\/yachtcharter-holiday-tours.de\/it\/wp-json\/wp\/v2\/pages\/2460\/revisions"}],"predecessor-version":[{"id":7006,"href":"https:\/\/yachtcharter-holiday-tours.de\/it\/wp-json\/wp\/v2\/pages\/2460\/revisions\/7006"}],"wp:attachment":[{"href":"https:\/\/yachtcharter-holiday-tours.de\/it\/wp-json\/wp\/v2\/media?parent=2460"}],"curies":[{"name":"wp","href":"https:\/\/api.w.org\/{rel}","templated":true}]}}