{"id":2515,"date":"2022-12-28T13:07:12","date_gmt":"2022-12-28T13:07:12","guid":{"rendered":"https:\/\/yachtcharter-holiday-tours.de\/impronta\/"},"modified":"2024-07-31T07:55:28","modified_gmt":"2024-07-31T07:55:28","slug":"impronta","status":"publish","type":"page","link":"https:\/\/yachtcharter-holiday-tours.de\/it\/impronta\/","title":{"rendered":"Impronta"},"content":{"rendered":"<p>[et_pb_section fb_built=&#8221;1&#8243; admin_label=&#8221;Header&#8221; _builder_version=&#8221;4.16&#8243; use_background_color_gradient=&#8221;on&#8221; background_color_gradient_type=&#8221;circular&#8221; background_color_gradient_direction_radial=&#8221;top left&#8221; background_color_gradient_stops=&#8221;rgba(255,255,255,0.89) 30%|rgba(255,255,255,0) 80%&#8221; background_color_gradient_overlays_image=&#8221;on&#8221; background_color_gradient_start=&#8221;rgba(255,255,255,0.89)&#8221; background_color_gradient_start_position=&#8221;30%&#8221; background_color_gradient_end=&#8221;rgba(255,255,255,0)&#8221; background_color_gradient_end_position=&#8221;80%&#8221; background_image=&#8221;https:\/\/yachtcharter-holiday-tours.de\/wp-content\/uploads\/2022\/12\/Delphin-Tec-Schiffstechnik-GmbH.jpeg&#8221; background_enable_video_mp4=&#8221;off&#8221; background_video_width=&#8221;1920&#8243; background_video_height=&#8221;1280&#8243; background_video_pause_outside_viewport=&#8221;off&#8221; custom_padding=&#8221;12vw|0px|0|0px|false|false&#8221; global_colors_info=&#8221;{}&#8221;][et_pb_row _builder_version=&#8221;4.16&#8243; custom_margin=&#8221;|||&#8221; global_colors_info=&#8221;{}&#8221;][et_pb_column type=&#8221;4_4&#8243; _builder_version=&#8221;4.16&#8243; custom_padding=&#8221;|||&#8221; global_colors_info=&#8221;{}&#8221; custom_padding__hover=&#8221;|||&#8221;][et_pb_text _builder_version=&#8221;4.16&#8243; text_font=&#8221;||||||||&#8221; header_font=&#8221;Poppins|700|||||||&#8221; header_text_color=&#8221;#000000&#8243; header_font_size=&#8221;80px&#8221; header_line_height=&#8221;1.2em&#8221; header_5_font=&#8221;Poppins|500||on|||||&#8221; header_5_text_color=&#8221;#000000&#8243; header_5_font_size=&#8221;20px&#8221; header_5_letter_spacing=&#8221;0.5em&#8221; header_5_line_height=&#8221;1.8em&#8221; animation_style=&#8221;zoom&#8221; animation_intensity_zoom=&#8221;5%&#8221; header_font_size_tablet=&#8221;48px&#8221; header_font_size_phone=&#8221;32px&#8221; header_font_size_last_edited=&#8221;on|phone&#8221; header_5_font_size_tablet=&#8221;14px&#8221; header_5_font_size_phone=&#8221;12px&#8221; header_5_font_size_last_edited=&#8221;on|desktop&#8221; global_colors_info=&#8221;{}&#8221;]<\/p>\n<h5>Delphin Tec Schiffstechnik GmbH<\/h5>\n<h1>Impronta<\/h1>\n<p>[\/et_pb_text][\/et_pb_column][\/et_pb_row][et_pb_row column_structure=&#8221;1_4,1_4,1_4,1_4&#8243; use_custom_gutter=&#8221;on&#8221; make_equal=&#8221;on&#8221; custom_padding_last_edited=&#8221;on|desktop&#8221; _builder_version=&#8221;4.16&#8243; background_color=&#8221;#ffffff&#8221; width=&#8221;90%&#8221; max_width=&#8221;90%&#8221; module_alignment=&#8221;left&#8221; custom_margin=&#8221;12vw||||false&#8221; custom_padding=&#8221;0|0px|0px|15vw|false|false&#8221; custom_padding_tablet=&#8221;|||10vw&#8221; custom_padding_phone=&#8221;&#8221; animation_style=&#8221;slide&#8221; animation_direction=&#8221;left&#8221; animation_intensity_slide=&#8221;5%&#8221; use_custom_width=&#8221;on&#8221; width_unit=&#8221;off&#8221; custom_width_percent=&#8221;90%&#8221; locked=&#8221;off&#8221; global_colors_info=&#8221;{}&#8221;][et_pb_column type=&#8221;1_4&#8243; _builder_version=&#8221;4.16&#8243; custom_padding=&#8221;74px|||&#8221; custom_padding_tablet=&#8221;40px|||&#8221; custom_padding_phone=&#8221;20px|||&#8221; custom_padding_last_edited=&#8221;off|desktop&#8221; global_colors_info=&#8221;{}&#8221; padding_phone=&#8221;20px|||&#8221; padding_tablet=&#8221;40px|||&#8221; padding_last_edited=&#8221;off|desktop&#8221; custom_padding__hover=&#8221;|||&#8221;][\/et_pb_column][et_pb_column type=&#8221;1_4&#8243; _builder_version=&#8221;4.16&#8243; custom_padding=&#8221;74px|||&#8221; custom_padding_tablet=&#8221;40px|||&#8221; custom_padding_phone=&#8221;20px|||&#8221; custom_padding_last_edited=&#8221;off|desktop&#8221; global_colors_info=&#8221;{}&#8221; padding_phone=&#8221;20px|||&#8221; padding_tablet=&#8221;40px|||&#8221; padding_last_edited=&#8221;off|desktop&#8221; custom_padding__hover=&#8221;|||&#8221;][\/et_pb_column][et_pb_column type=&#8221;1_4&#8243; _builder_version=&#8221;4.16&#8243; custom_padding=&#8221;74px|||&#8221; custom_padding_tablet=&#8221;40px|||&#8221; custom_padding_phone=&#8221;20px|||&#8221; custom_padding_last_edited=&#8221;off|desktop&#8221; global_colors_info=&#8221;{}&#8221; padding_phone=&#8221;20px|||&#8221; padding_tablet=&#8221;40px|||&#8221; padding_last_edited=&#8221;off|desktop&#8221; custom_padding__hover=&#8221;|||&#8221;][\/et_pb_column][et_pb_column type=&#8221;1_4&#8243; _builder_version=&#8221;4.16&#8243; custom_padding=&#8221;74px|||&#8221; custom_padding_tablet=&#8221;40px|||&#8221; custom_padding_phone=&#8221;20px|||&#8221; custom_padding_last_edited=&#8221;off|desktop&#8221; global_colors_info=&#8221;{}&#8221; padding_phone=&#8221;20px|||&#8221; padding_tablet=&#8221;40px|||&#8221; padding_last_edited=&#8221;off|desktop&#8221; custom_padding__hover=&#8221;|||&#8221;][\/et_pb_column][\/et_pb_row][\/et_pb_section][et_pb_section fb_built=&#8221;1&#8243; admin_label=&#8221;About Us&#8221; _builder_version=&#8221;4.16&#8243; global_colors_info=&#8221;{}&#8221;][et_pb_row custom_padding_last_edited=&#8221;off|desktop&#8221; _builder_version=&#8221;4.16&#8243; custom_padding=&#8221;27px|0px|0|0px|false|false&#8221; custom_padding_tablet=&#8221;|0px||0px||true&#8221; global_colors_info=&#8221;{}&#8221;][et_pb_column type=&#8221;4_4&#8243; _builder_version=&#8221;4.16&#8243; custom_padding=&#8221;|||&#8221; global_colors_info=&#8221;{}&#8221; custom_padding__hover=&#8221;|||&#8221;][et_pb_text _builder_version=&#8221;4.16&#8243; text_font=&#8221;||||||||&#8221; text_line_height=&#8221;2em&#8221; header_font=&#8221;||||||||&#8221; header_2_font=&#8221;Poppins|600|||||||&#8221; header_2_font_size=&#8221;50px&#8221; header_2_line_height=&#8221;1.4em&#8221; header_6_font=&#8221;Poppins|||on|||||&#8221; header_6_font_size=&#8221;16px&#8221; header_6_letter_spacing=&#8221;5px&#8221; header_6_line_height=&#8221;1.8em&#8221; max_width=&#8221;1440px&#8221; module_alignment=&#8221;left&#8221; header_2_font_size_tablet=&#8221;35px&#8221; header_2_font_size_phone=&#8221;25px&#8221; header_2_font_size_last_edited=&#8221;on|phone&#8221; global_colors_info=&#8221;{}&#8221;]<\/p>\n<h2>Impronta<\/h2>\n<p>[\/et_pb_text][\/et_pb_column][\/et_pb_row][et_pb_row custom_padding_last_edited=&#8221;off|desktop&#8221; _builder_version=&#8221;4.16&#8243; custom_padding=&#8221;27px|0|27px|0px|false|false&#8221; custom_padding_tablet=&#8221;|0px||0px||true&#8221; global_colors_info=&#8221;{}&#8221;][et_pb_column type=&#8221;4_4&#8243; _builder_version=&#8221;4.16&#8243; custom_padding=&#8221;|||&#8221; global_colors_info=&#8221;{}&#8221; custom_padding__hover=&#8221;|||&#8221;][et_pb_text _builder_version=&#8221;4.16&#8243; text_font=&#8221;Poppins||||||||&#8221; text_line_height=&#8221;2em&#8221; header_font=&#8221;||||||||&#8221; header_2_font=&#8221;Raleway|700|||||||&#8221; header_2_font_size=&#8221;50px&#8221; header_2_line_height=&#8221;1.4em&#8221; header_6_font=&#8221;Raleway|700||on|||||&#8221; header_6_font_size=&#8221;16px&#8221; header_6_letter_spacing=&#8221;5px&#8221; header_6_line_height=&#8221;1.8em&#8221; max_width=&#8221;1440px&#8221; module_alignment=&#8221;left&#8221; header_2_font_size_tablet=&#8221;35px&#8221; header_2_font_size_phone=&#8221;25px&#8221; header_2_font_size_last_edited=&#8221;on|phone&#8221; global_colors_info=&#8221;{}&#8221;]<\/p>\n<p>Delphin Tec Schiffstechnik GmbH Industriestra\u00dfe 12 56626 Andernach Telefono: +49 26 32 \/ 96 55 -80 Fax: +49 26 32 \/ 96 55 -11 E-mail:<a href=\"mailto:info@delphin-tec.de\">info@delphin-tec.de<\/a> Internet:<a href=\"https:\/\/www.delphin-tec.de\" target=\"_blank\" rel=\"noopener\">www.delphin-tec.de<\/a> Direzione: Franz With, Matthias Schmitt HRB 15457 &#8211; Registro Koblenz Partita IVA: DE 814 114 112 Coordinate bancarie: Kreissparkasse Mayen www.delphin-tec.de IBAN:<\/p>\n<p>Id.: DE 814 114 112 Coordinate bancarie: Kreissparkasse Mayen IBAN: DE29576500100020010062<\/p>\n<p><strong>Condizioni generali di utilizzo<\/strong><\/p>\n<p>Il fornitore non si assume alcuna responsabilit\u00e0 per l&#8217;accuratezza, la completezza e la tempestivit\u00e0 dei contenuti forniti. L&#8217;utilizzo dei contenuti del sito web avviene a proprio rischio e pericolo. Non si garantisce un funzionamento privo di errori e ininterrotto del traffico dati. Non vi \u00e8 alcun diritto alla correzione o all&#8217;eliminazione di eventuali difetti. Il fornitore non \u00e8 responsabile dei contenuti e dei programmi distribuiti su questo sito n\u00e9 dei danni derivanti dal loro utilizzo. Ci\u00f2 vale per tutti i danni, in particolare anche per le perdite finanziarie, nella misura in cui tali danni non siano dimostrabilmente causati da dolo o colpa grave.<\/p>\n<p>Visitando e utilizzando il sito web, \u00e8 possibile memorizzare informazioni sull&#8217;accesso. Non si tratta di dati personali. I dati vengono valutati a fini statistici. I dati non saranno trasmessi a terzi. Il fornitore sottolinea espressamente che le trasmissioni di dati su Internet possono presentare lacune nella sicurezza. La protezione contro l&#8217;accesso da parte di terzi non pu\u00f2 quindi essere garantita. L&#8217;utilizzo dei dati di contatto dell&#8217;imprinting per la pubblicit\u00e0 commerciale \u00e8 espressamente vietato, a meno che non si basi su un consenso scritto del fornitore o su un rapporto commerciale gi\u00e0 esistente. Il fornitore e tutte le persone citate in questo sito web si oppongono a qualsiasi uso commerciale e divulgazione dei loro dati.<\/p>\n<p>Inoltre, l&#8217;offerente non si assume alcuna responsabilit\u00e0 per il contenuto e la funzionalit\u00e0 di siti web di terzi a cui si fa riferimento tramite collegamenti ipertestuali (&#8220;link esterni&#8221;). Tali siti web sono soggetti alla responsabilit\u00e0 dei rispettivi operatori; la consultazione delle pagine attraverso i link \u00e8 a rischio dell&#8217;utente. L&#8217;inserimento di link esterni non implica l&#8217;adozione da parte del fornitore del contenuto del link come proprio.<\/p>\n<p>I contenuti delle pagine offerte sono protetti da copyright. Sono soggetti al copyright della Repubblica Federale di Germania. Qualsiasi utilizzo non consentito dalla legge tedesca sul copyright richiede il previo consenso scritto del fornitore o del rispettivo titolare dei diritti. In particolare, la vendita e qualsiasi uso commerciale non sono consentiti e sono vietati. La visualizzazione di questo sito web in cornici di terzi non \u00e8 generalmente consentita.<\/p>\n<p>[\/et_pb_text][\/et_pb_column][\/et_pb_row][\/et_pb_section]<\/p>\n","protected":false},"excerpt":{"rendered":"<p>Delphin Tec Schiffstechnik GmbH ImprontaImprontaDelphin Tec Schiffstechnik GmbH Industriestra\u00dfe 12 56626 Andernach Telefono: +49 26 32 \/ 96 55 -80 Fax: +49 26 32 \/ 96 55 -11 E-mail:info@delphin-tec.de Internet:www.delphin-tec.de Direzione: Franz With, Matthias Schmitt HRB 15457 &#8211; Registro Koblenz Partita IVA: DE 814 114 112 Coordinate bancarie: Kreissparkasse Mayen www.delphin-tec.de IBAN:Id.: DE 814 114 112 Coordinate bancarie: Kreissparkasse Mayen IBAN: DE29576500100020010062 Condizioni generali di utilizzo Il fornitore non si assume alcuna responsabilit\u00e0 per l&#8217;accuratezza, la completezza e la tempestivit\u00e0 dei contenuti forniti. L&#8217;utilizzo dei contenuti del sito web avviene a proprio rischio e pericolo. Non si garantisce un funzionamento privo di errori e ininterrotto del traffico dati. Non vi \u00e8 alcun diritto alla correzione o all&#8217;eliminazione di eventuali difetti. Il fornitore non \u00e8 responsabile dei contenuti e dei programmi distribuiti su questo sito n\u00e9 dei danni derivanti dal loro utilizzo. Ci\u00f2 vale per tutti i danni, in particolare anche per le perdite finanziarie, nella misura in cui tali danni non siano dimostrabilmente causati da dolo o colpa grave. Visitando e utilizzando il sito web, \u00e8 possibile memorizzare informazioni sull&#8217;accesso. Non si tratta di dati personali. I dati vengono valutati a fini statistici. I dati non saranno trasmessi a terzi. [&hellip;]<\/p>\n","protected":false},"author":1,"featured_media":0,"parent":0,"menu_order":0,"comment_status":"closed","ping_status":"closed","template":"","meta":{"_et_pb_use_builder":"on","_et_pb_old_content":"","_et_gb_content_width":"","footnotes":""},"class_list":["post-2515","page","type-page","status-publish","hentry"],"_links":{"self":[{"href":"https:\/\/yachtcharter-holiday-tours.de\/it\/wp-json\/wp\/v2\/pages\/2515","targetHints":{"allow":["GET"]}}],"collection":[{"href":"https:\/\/yachtcharter-holiday-tours.de\/it\/wp-json\/wp\/v2\/pages"}],"about":[{"href":"https:\/\/yachtcharter-holiday-tours.de\/it\/wp-json\/wp\/v2\/types\/page"}],"author":[{"embeddable":true,"href":"https:\/\/yachtcharter-holiday-tours.de\/it\/wp-json\/wp\/v2\/users\/1"}],"replies":[{"embeddable":true,"href":"https:\/\/yachtcharter-holiday-tours.de\/it\/wp-json\/wp\/v2\/comments?post=2515"}],"version-history":[{"count":13,"href":"https:\/\/yachtcharter-holiday-tours.de\/it\/wp-json\/wp\/v2\/pages\/2515\/revisions"}],"predecessor-version":[{"id":5270,"href":"https:\/\/yachtcharter-holiday-tours.de\/it\/wp-json\/wp\/v2\/pages\/2515\/revisions\/5270"}],"wp:attachment":[{"href":"https:\/\/yachtcharter-holiday-tours.de\/it\/wp-json\/wp\/v2\/media?parent=2515"}],"curies":[{"name":"wp","href":"https:\/\/api.w.org\/{rel}","templated":true}]}}