{"id":2628,"date":"2022-12-28T13:00:21","date_gmt":"2022-12-28T13:00:21","guid":{"rendered":"https:\/\/yachtcharter-holiday-tours.de\/agb\/"},"modified":"2024-08-08T13:39:50","modified_gmt":"2024-08-08T13:39:50","slug":"agb","status":"publish","type":"page","link":"https:\/\/yachtcharter-holiday-tours.de\/it\/agb\/","title":{"rendered":"AGB"},"content":{"rendered":"<p>[et_pb_section fb_built=&#8221;1&#8243; admin_label=&#8221;Header&#8221; _builder_version=&#8221;4.16&#8243; use_background_color_gradient=&#8221;on&#8221; background_color_gradient_type=&#8221;circular&#8221; background_color_gradient_direction_radial=&#8221;top left&#8221; background_color_gradient_stops=&#8221;rgba(255,255,255,0.89) 30%|rgba(255,255,255,0) 80%&#8221; background_color_gradient_overlays_image=&#8221;on&#8221; background_color_gradient_start=&#8221;rgba(255,255,255,0.89)&#8221; background_color_gradient_start_position=&#8221;30%&#8221; background_color_gradient_end=&#8221;rgba(255,255,255,0)&#8221; background_color_gradient_end_position=&#8221;80%&#8221; background_image=&#8221;https:\/\/yachtcharter-holiday-tours.de\/wp-content\/uploads\/2022\/12\/SBS-Firmenansicht-volbild_aussen.jpg&#8221; background_enable_video_mp4=&#8221;off&#8221; background_video_width=&#8221;1920&#8243; background_video_height=&#8221;1280&#8243; background_video_pause_outside_viewport=&#8221;off&#8221; custom_padding=&#8221;12vw|0px|0|0px|false|false&#8221; global_colors_info=&#8221;{}&#8221;][et_pb_row _builder_version=&#8221;4.16&#8243; custom_margin=&#8221;|||&#8221; global_colors_info=&#8221;{}&#8221;][et_pb_column type=&#8221;4_4&#8243; _builder_version=&#8221;4.16&#8243; custom_padding=&#8221;|||&#8221; global_colors_info=&#8221;{}&#8221; custom_padding__hover=&#8221;|||&#8221;][et_pb_text _builder_version=&#8221;4.16&#8243; text_font=&#8221;||||||||&#8221; header_font=&#8221;Poppins|700|||||||&#8221; header_text_color=&#8221;#000000&#8243; header_font_size=&#8221;80px&#8221; header_line_height=&#8221;1.2em&#8221; header_5_font=&#8221;Poppins|500||on|||||&#8221; header_5_text_color=&#8221;#000000&#8243; header_5_font_size=&#8221;20px&#8221; header_5_letter_spacing=&#8221;0.5em&#8221; header_5_line_height=&#8221;1.8em&#8221; animation_style=&#8221;zoom&#8221; animation_intensity_zoom=&#8221;5%&#8221; header_font_size_tablet=&#8221;48px&#8221; header_font_size_phone=&#8221;32px&#8221; header_font_size_last_edited=&#8221;on|phone&#8221; header_5_font_size_tablet=&#8221;14px&#8221; header_5_font_size_phone=&#8221;12px&#8221; header_5_font_size_last_edited=&#8221;on|desktop&#8221; global_colors_info=&#8221;{}&#8221;]<\/p>\n<h5>Delphin Tec Schiffstechnik GmbH<\/h5>\n<h1>AGB<\/h1>\n<p>[\/et_pb_text][\/et_pb_column][\/et_pb_row][et_pb_row column_structure=&#8221;1_4,1_4,1_4,1_4&#8243; use_custom_gutter=&#8221;on&#8221; make_equal=&#8221;on&#8221; custom_padding_last_edited=&#8221;on|desktop&#8221; _builder_version=&#8221;4.16&#8243; background_color=&#8221;#ffffff&#8221; width=&#8221;90%&#8221; max_width=&#8221;90%&#8221; module_alignment=&#8221;left&#8221; custom_margin=&#8221;12vw||||false&#8221; custom_padding=&#8221;0|0px|0px|15vw|false|false&#8221; custom_padding_tablet=&#8221;|||10vw&#8221; custom_padding_phone=&#8221;&#8221; animation_style=&#8221;slide&#8221; animation_direction=&#8221;left&#8221; animation_intensity_slide=&#8221;5%&#8221; use_custom_width=&#8221;on&#8221; width_unit=&#8221;off&#8221; custom_width_percent=&#8221;90%&#8221; locked=&#8221;off&#8221; global_colors_info=&#8221;{}&#8221;][et_pb_column type=&#8221;1_4&#8243; _builder_version=&#8221;4.16&#8243; custom_padding=&#8221;74px|||&#8221; custom_padding_tablet=&#8221;40px|||&#8221; custom_padding_phone=&#8221;20px|||&#8221; custom_padding_last_edited=&#8221;off|desktop&#8221; global_colors_info=&#8221;{}&#8221; padding_phone=&#8221;20px|||&#8221; padding_tablet=&#8221;40px|||&#8221; padding_last_edited=&#8221;off|desktop&#8221; custom_padding__hover=&#8221;|||&#8221;][\/et_pb_column][et_pb_column type=&#8221;1_4&#8243; _builder_version=&#8221;4.16&#8243; custom_padding=&#8221;74px|||&#8221; custom_padding_tablet=&#8221;40px|||&#8221; custom_padding_phone=&#8221;20px|||&#8221; custom_padding_last_edited=&#8221;off|desktop&#8221; global_colors_info=&#8221;{}&#8221; padding_phone=&#8221;20px|||&#8221; padding_tablet=&#8221;40px|||&#8221; padding_last_edited=&#8221;off|desktop&#8221; custom_padding__hover=&#8221;|||&#8221;][\/et_pb_column][et_pb_column type=&#8221;1_4&#8243; _builder_version=&#8221;4.16&#8243; custom_padding=&#8221;74px|||&#8221; custom_padding_tablet=&#8221;40px|||&#8221; custom_padding_phone=&#8221;20px|||&#8221; custom_padding_last_edited=&#8221;off|desktop&#8221; global_colors_info=&#8221;{}&#8221; padding_phone=&#8221;20px|||&#8221; padding_tablet=&#8221;40px|||&#8221; padding_last_edited=&#8221;off|desktop&#8221; custom_padding__hover=&#8221;|||&#8221;][\/et_pb_column][et_pb_column type=&#8221;1_4&#8243; _builder_version=&#8221;4.16&#8243; custom_padding=&#8221;74px|||&#8221; custom_padding_tablet=&#8221;40px|||&#8221; custom_padding_phone=&#8221;20px|||&#8221; custom_padding_last_edited=&#8221;off|desktop&#8221; global_colors_info=&#8221;{}&#8221; padding_phone=&#8221;20px|||&#8221; padding_tablet=&#8221;40px|||&#8221; padding_last_edited=&#8221;off|desktop&#8221; custom_padding__hover=&#8221;|||&#8221;][\/et_pb_column][\/et_pb_row][\/et_pb_section][et_pb_section fb_built=&#8221;1&#8243; admin_label=&#8221;About Us&#8221; _builder_version=&#8221;4.16&#8243; global_colors_info=&#8221;{}&#8221;][et_pb_row custom_padding_last_edited=&#8221;off|desktop&#8221; _builder_version=&#8221;4.16&#8243; custom_padding=&#8221;27px|0px|0|0px|false|false&#8221; custom_padding_tablet=&#8221;|0px||0px||true&#8221; global_colors_info=&#8221;{}&#8221;][et_pb_column type=&#8221;4_4&#8243; _builder_version=&#8221;4.16&#8243; custom_padding=&#8221;|||&#8221; global_colors_info=&#8221;{}&#8221; custom_padding__hover=&#8221;|||&#8221;][et_pb_text _builder_version=&#8221;4.16&#8243; text_font=&#8221;||||||||&#8221; text_line_height=&#8221;2em&#8221; header_font=&#8221;||||||||&#8221; header_2_font=&#8221;Poppins|600|||||||&#8221; header_2_font_size=&#8221;50px&#8221; header_2_line_height=&#8221;1.4em&#8221; header_6_font=&#8221;Poppins|||on|||||&#8221; header_6_font_size=&#8221;16px&#8221; header_6_letter_spacing=&#8221;5px&#8221; header_6_line_height=&#8221;1.8em&#8221; max_width=&#8221;1440px&#8221; module_alignment=&#8221;left&#8221; header_2_font_size_tablet=&#8221;35px&#8221; header_2_font_size_phone=&#8221;25px&#8221; header_2_font_size_last_edited=&#8221;on|phone&#8221; global_colors_info=&#8221;{}&#8221;]<\/p>\n<h2>Termini e condizioni generali<\/h2>\n<p>[\/et_pb_text][\/et_pb_column][\/et_pb_row][et_pb_row custom_padding_last_edited=&#8221;off|desktop&#8221; _builder_version=&#8221;4.16&#8243; custom_padding=&#8221;27px|0|27px|0px|false|false&#8221; custom_padding_tablet=&#8221;|0px||0px||true&#8221; global_colors_info=&#8221;{}&#8221;][et_pb_column type=&#8221;4_4&#8243; _builder_version=&#8221;4.16&#8243; custom_padding=&#8221;|||&#8221; global_colors_info=&#8221;{}&#8221; custom_padding__hover=&#8221;|||&#8221;][et_pb_text _builder_version=&#8221;4.27.0&#8243; text_font=&#8221;Poppins||||||||&#8221; text_line_height=&#8221;2em&#8221; header_font=&#8221;||||||||&#8221; header_2_font=&#8221;Raleway|700|||||||&#8221; header_2_font_size=&#8221;50px&#8221; header_2_line_height=&#8221;1.4em&#8221; header_6_font=&#8221;Raleway|700||on|||||&#8221; header_6_font_size=&#8221;16px&#8221; header_6_letter_spacing=&#8221;5px&#8221; header_6_line_height=&#8221;1.8em&#8221; max_width=&#8221;1440px&#8221; module_alignment=&#8221;left&#8221; hover_enabled=&#8221;0&#8243; header_2_font_size_tablet=&#8221;35px&#8221; header_2_font_size_phone=&#8221;25px&#8221; header_2_font_size_last_edited=&#8221;on|phone&#8221; global_colors_info=&#8221;{}&#8221; sticky_enabled=&#8221;0&#8243;]<\/p>\n<p><span>Quanto segue<\/span><span> a<\/span><span>generale<\/span><span> <\/span><span>Termini e condizioni<\/span><span> <\/span><span>sono<\/span><span> <\/span><span>Componente<\/span><span> <\/span><span>del<\/span><span> <\/span><span>Contratto di noleggio<\/span><span> <\/span><span>tra<\/span><span> <\/span><span>il<\/span><span> <\/span><span>Il contratto di noleggio (di seguito denominato Locatario) e il Locatore di Delphin Tec Schiffstechnik GmbH (di seguito denominato Locatore) Industriestra\u00dfe 12; 56626 Andernach e si applica anche a tutte le forniture e i servizi forniti dal Locatore in relazione allo stesso.<\/span><\/p>\n<p><span> <\/span><\/p>\n<p><u><span>1. prenotazione<\/span><\/u><\/p>\n<p><span>A<\/span><span> <\/span><span>Prenotazione<\/span><span> <\/span><span>diventa<\/span><span> <\/span><span>prima<\/span><span> <\/span><span>a<\/span><span> <\/span><span>scritto<\/span><span> <\/span><span>Conferma<\/span><span> <\/span><span>e<\/span><span> <\/span><span>Ingresso<\/span><span> <\/span><span>il<\/span><span> <\/span><span>Deposito vincolante. Si consiglia in ogni caso di stipulare un&#8217;assicurazione contro l&#8217;annullamento e l&#8217;interruzione del viaggio (al momento della prenotazione).<\/span><\/p>\n<p><span><u>2. deposito, saldo, cauzione<\/u><\/span><\/p>\n<p><span>Al momento della prenotazione, \u00e8 necessario versare un deposito pari al 50% del prezzo totale del noleggio entro 10 giorni, come indicato nella conferma della prenotazione. Il saldo deve essere versato tramite bonifico bancario in tempo utile, al pi\u00f9 tardi 4 settimane prima dell&#8217;inizio del tour. Il deposito di \u20ac 1.600,00 deve essere versato tramite bonifico bancario 4 settimane prima della consegna dell&#8217;imbarcazione. \u00c8 la franchigia per ogni sinistro.<\/span><\/p>\n<p><span><u>2.a. Cancellazione<\/u><\/span><\/p>\n<p><span>Se il noleggiatore non utilizza la barca a noleggio prenotata o i servizi prenotati, \u00e8 dovuto un adeguato risarcimento.<br \/>\nQuesto ammonta al 10% del prezzo di noleggio contrattualmente concordato fino a 12 settimane prima dell&#8217;arrivo, al 25% del prezzo di noleggio contrattualmente concordato a partire da 12 settimane prima dell&#8217;arrivo e al 100% del prezzo contrattualmente concordato a partire da 6 settimane prima dell&#8217;arrivo.<br \/>\nAllo stesso modo, il 100% del prezzo concordato sar\u00e0 dovuto in caso di mancato inizio del viaggio.  <\/span><\/p>\n<p><span>Entrambe le parti possono recedere dal contratto di locazione senza preavviso per giusta causa. Uno dei seguenti casi in particolare sar\u00e0 considerato una buona causa:<\/span><\/p>\n<p><span>mancanza di cura del veicolo, uso improprio o illegale, danni intenzionali o per grave negligenza al veicolo a noleggio, t<\/span><span>l&#8217;imbarcazione a noleggio \u00e8 stata prenotata con informazioni false o errate sulla persona o sullo scopo della prenotazione.<\/span><span> <\/span><\/p>\n<p><u><span>2.b. Garanzia e recesso del locatario<\/span><\/u><\/p>\n<p><span>Se durante il periodo di noleggio il noleggiatore scopre un difetto nell&#8217;imbarcazione a noleggio e\/o negli accessori che limita notevolmente l&#8217;utilizzabilit\u00e0 dell&#8217;oggetto del noleggio o che richiede riparazioni su larga scala, deve informare immediatamente il locatore. Nel caso in cui la navigabilit\u00e0 del natante a noleggio non sia pi\u00f9 garantita a causa dell&#8217;avaria o vi sia il rischio di un aumento dell&#8217;avaria a causa di ulteriori viaggi, il locatario non \u00e8 pi\u00f9 autorizzato a gestire il natante a noleggio senza l&#8217;esplicito consenso del locatore. Solo dopo la riparazione o una promessa esplicita del locatore, il locatario pu\u00f2 guidare di nuovo l&#8217;imbarcazione a noleggio. Se il difetto non pu\u00f2 essere eliminato immediatamente con una riparazione a breve termine, il locatore dovr\u00e0 fornire immediatamente un natante sostitutivo di pari valore. Se ci\u00f2 non \u00e8 possibile, entrambe le parti contraenti hanno il diritto di recedere dal contratto senza preavviso. L&#8217;inquilino rimane obbligato a pagare il canone di locazione concordato su base proporzionale fino al verificarsi del difetto.<\/span><\/p>\n<p><span>I danni all&#8217;imbarcazione da noleggio e\/o all&#8217;equipaggiamento che non compromettono la navigabilit\u00e0 dell&#8217;imbarcazione da noleggio non autorizzano il noleggiatore a recedere o a risolvere il contratto.<\/span><span> <\/span><\/p>\n<p><u><span>3. consegna dell&#8217;imbarcazione<\/span><\/u><\/p>\n<p><span>Con la consegna &#8211; il giorno dell&#8217;arrivo si svolge il viaggio di familiarizzazione. Se, a causa di circostanze particolari, non \u00e8 possibile effettuare il giro di familiarizzazione con la consegna, il Locatore ha il diritto di rinviare il giro di familiarizzazione alla mattina del giorno successivo.<\/span><\/p>\n<p><span>Se l&#8217;oggetto noleggiato non pu\u00f2 essere consegnato alla data concordata nel contratto di noleggio (ad esempio, a causa di un incidente, di inaffidabilit\u00e0, ad esempio a seguito di un incidente durante il pre-noleggio, ecc. Se non \u00e8 disponibile, il viaggio pu\u00f2 essere effettuato in un momento alternativo o il noleggiatore ha il diritto di recedere dal contratto. In questo caso, il locatore rimborser\u00e0 il prezzo dell&#8217;affitto tramite bonifico bancario. In caso di annullamento, il locatario non avr\u00e0 diritto ad alcuna richiesta di risarcimento danni oltre al prezzo di locazione.  <\/span><\/p>\n<p><span><u>3.a. Doveri dell&#8217;affittuario<\/u><\/span><\/p>\n<p><span>Il conduttore garantisce e si impegna nei confronti del locatore:<\/span><\/p>\n<ul>\n<li><span>di osservare i principi della buona navigazione,<\/span><\/li>\n<li><span>essere abile nella gestione dell&#8217;imbarcazione da noleggio e dell&#8217;inventario e avere sufficienti conoscenze ed esperienze nella gestione dell&#8217;imbarcazione da noleggio. Non \u00e8 richiesta una patente di guida o un certificato di idoneit\u00e0 per la guida dell&#8217;imbarcazione a noleggio nell&#8217;area di crociera concordata, a condizione che la potenza di propulsione sia corrispondentemente bassa,<\/span><\/li>\n<li><span>osservare le norme di legge nella zona di navigazione e, se necessario, registrarsi e cancellarsi presso la capitaneria di porto,<\/span><\/li>\n<li><span>non utilizzare l&#8217;imbarcazione a noleggio per scopi commerciali, non trasportare animali o altri passeggeri, a meno che non vi sia un accordo scritto con il locatore in tal senso,<\/span><\/li>\n<li><span>non affittare o noleggiare l&#8217;imbarcazione a terzi senza l&#8217;autorizzazione scritta del locatore, non trasportare merci o sostanze pericolose,<\/span><\/li>\n<li><span>lasciare la rispettiva area di navigazione solo previo consenso scritto del locatore,<\/span><\/li>\n<li><span>non apportare alcuna modifica all&#8217;imbarcazione o all&#8217;equipaggiamento del charter,<\/span><\/li>\n<li><span>di trattare con cura l&#8217;imbarcazione a noleggio e le attrezzature,<\/span><\/li>\n<li><span>entrare nell&#8217;imbarcazione a noleggio con calzature adeguate (scarpe basse\/sneakers),<\/span><\/li>\n<li><span>per cercare riparo nel porto in caso di vento forte,<\/span><\/li>\n<li><span>non fumare nelle cabine e nei locali della barca a noleggio, tranne che sul ponte esterno e sul ponte superiore,<\/span><\/li>\n<li><span>restituire l&#8217;imbarcazione a noleggio in condizioni perfette, ordinate e pulite dopo la riconsegna,<\/span><\/li>\n<li><span>in caso di danni, collisioni, incidenti o altri eventi insoliti, di avvisare immediatamente il locatore (per telefono o via sms) e di agire solo in conformit\u00e0 alle istruzioni del locatore, in particolare di non assumersi alcuna responsabilit\u00e0 nei confronti di terzi,<\/span><\/li>\n<li><span>in caso di danni all&#8217;imbarcazione a noleggio o a persone, di registrare e di organizzare una contro-conferma da parte della capitaneria di porto, del medico, della polizia acquatica, ecc,<\/span><\/li>\n<li><span>in caso di media o casi simili, di far sempre rimorchiare il natante a noleggio con la propria cima e di non stipulare accordi sui costi di rimorchio o di recupero senza il consenso del locatore,<\/span><\/li>\n<li><span>Verificare le condizioni dell&#8217;imbarcazione e la completezza dell&#8217;equipaggiamento e dell&#8217;inventario al momento della consegna e della restituzione dell&#8217;imbarcazione (lista di controllo),<\/span><\/li>\n<li><span>I reclami relativi all&#8217;imbarcazione a noleggio devono essere segnalati immediatamente al locatore e annotati nel protocollo di consegna\/riconsegna.<\/span><\/li>\n<\/ul>\n<p><u><span>3.b. Ritorno<\/span><\/u><\/p>\n<p><span>L&#8217;imbarcazione a noleggio deve essere restituita in condizioni di pulizia. La pulizia finale \u00e8 a cura del locatore. Se il noleggiatore non restituisce il natante noleggiato in tempo utile dopo la fine del noleggio, il locatore pu\u00f2 richiedere il canone di noleggio concordato come risarcimento per il periodo di ritardo. Non \u00e8 esclusa la richiesta di ulteriori danni. Se, soprattutto nel caso di noleggi di sola andata, dovesse risultare evidente che il luogo di riconsegna non pu\u00f2 essere raggiunto in tempo utile, il noleggiatore \u00e8 invitato a informare il locatore il prima possibile. Se necessario, il locatore pu\u00f2 cercare di coordinare un nuovo luogo di consegna, anche con l&#8217;equipaggio successivo, ed evitare che si verifichino danni. Tuttavia, non \u00e8 obbligato contrattualmente a farlo.<\/span><span> <\/span><span> <\/span><\/p>\n<p><u><span>3.c. Responsabilit\u00e0 del locatore<\/span><\/u><\/p>\n<p><span>La responsabilit\u00e0 del locatore per i danni dovuti a difetti dell&#8217;imbarcazione a noleggio fornita \u00e8 limitata al dolo e alla colpa grave. La responsabilit\u00e0 del locatore per i danni dovuti a inadempienza (ritardo nella fornitura del natante per sua colpa) o impossibilit\u00e0 di cui \u00e8 responsabile \u00e8 limitata a 250 \u20ac. Anche in questo caso sono esclusi i danni indiretti remoti.<\/span><\/p>\n<p><span>3.d.<\/span><u><span>  Responsabilit\u00e0 del locatario<\/span><\/u><\/p>\n<p><span>Per gli atti e le omissioni del locatario nell&#8217;uso del bene locato per i quali il locatore \u00e8 ritenuto responsabile da terzi, il locatario \u00e8 tenuto a indennizzare il locatore da tutte le conseguenze di diritto privato e penale, compresi tutti i costi delle azioni legali in Germania e all&#8217;estero. Il noleggiatore utilizza l&#8217;imbarcazione a noleggio sotto la propria responsabilit\u00e0.<\/span><\/p>\n<p><span>Se il noleggiatore lascia l&#8217;imbarcazione a noleggio in un luogo diverso da quello concordato, il noleggiatore dovr\u00e0 sostenere tutte le spese per la restituzione dell&#8217;imbarcazione a noleggio in acqua o a terra. Se la restituzione supera il periodo di noleggio, l&#8217;imbarcazione a noleggio sar\u00e0 considerata restituita dal noleggiatore solo all&#8217;arrivo al porto di restituzione concordato.<\/span><\/p>\n<p><span>Il noleggiatore \u00e8 responsabile allo stesso modo per i danni causati colpevolmente dai suoi parenti, compagni di viaggio o altri terzi che sono entrati in contatto con l&#8217;imbarcazione a noleggio attraverso o per mezzo del noleggiatore.<\/span><\/p>\n<p><span>Si sottolinea che la stipula di una polizza assicurativa completa da parte del locatore non comporta alcun esonero di responsabilit\u00e0 del locatario per i danni non coperti dalla polizza assicurativa o per i quali la compagnia assicurativa si \u00e8 espressamente riservata il diritto di rivalersi sul locatario. Ci\u00f2 vale in particolare per i danni derivanti da negligenza grave, dolo o mancata osservanza dei termini del contratto, nonch\u00e9 per i danni conseguenti.<\/span><\/p>\n<p><u><span>4. restrizioni d&#8217;uso e altre istruzioni<\/span><\/u><\/p>\n<p><span>Il numero di persone consentito per il noleggio deve essere rispettato in conformit\u00e0 al contratto di noleggio; l&#8217;equipaggio minimo \u00e8 composto da uno skipper e da almeno due membri dell&#8217;equipaggio. un&#8217;altra persona di et\u00e0 superiore ai 16 anni. I bambini sotto gli 8 anni devono indossare un giubbotto di salvataggio.<\/span><\/p>\n<p><span>L&#8217;imbarcazione a noleggio pu\u00f2 essere utilizzata solo per il viaggio dell&#8217;assicurato e, se del caso, del area di navigazione concordata (vedi contratto di noleggio).<\/span><\/p>\n<p><span>\u00c8 vietata la guida notturna dal tramonto all&#8217;alba e la guida in condizioni di scarsa visibilit\u00e0, come la nebbia.<\/span><\/p>\n<p><span>Non sono consentiti il traino di imbarcazioni e oggetti, le regate e le corse di abilit\u00e0. I riscaldatori portatili di qualsiasi tipo e le merci infiammabili richiedono l&#8217;autorizzazione esplicita del Locatore.<\/span><\/p>\n<p><span>L&#8217;affittuario ha il diritto di rispettare i requisiti di legge per il corso d&#8217;acqua.<\/span><\/p>\n<p><u>5. qualificazione<\/u><\/p>\n<p><span>Il noleggiatore di imbarcazioni a noleggio per le quali \u00e8 richiesta una licenza dichiara di essere in possesso della patente nautica &#8220;Binnen&#8221; o di una licenza equivalente. Dichiara inoltre di avere almeno 18 anni.<\/span><\/p>\n<p><span>Il locatore si riserva il diritto di verificare l&#8217;idoneit\u00e0 e l&#8217;abilit\u00e0 del locatario a guidare il natante a noleggio secondo la Binnenschifffahrtsstra\u00dfenordnung BschStrO mediante un viaggio di familiarizzazione e &#8211; se l&#8217;idoneit\u00e0 e l&#8217;abilit\u00e0 non possono essere accertate &#8211; la vacanza sul natante a noleggio pu\u00f2 avvenire solo al molo\/nel porto. Ci\u00f2 non comporta un obbligo di risarcimento danni da parte del locatore. Persone diverse dallo skipper responsabile possono condurre l&#8217;imbarcazione a noleggio solo sotto la sua supervisione. Anche i minori di 16 anni non sono autorizzati a guidare l&#8217;imbarcazione a noleggio sotto supervisione.<\/span><span><\/span><\/p>\n<p><u>6. luogo di giurisdizione<\/u><\/p>\n<p><span>Il foro competente \u00e8 la sede legale del locatore.<\/span><\/p>\n<p><span>  7.  <\/span><u>Clausola di esclusione della responsabilit\u00e0<\/u><\/p>\n<p><span>L&#8217;eventuale invalidit\u00e0 di singole disposizioni del contratto non pregiudica la validit\u00e0 delle altre disposizioni del contratto. La disposizione non valida deve essere sostituita da una disposizione che si avvicini maggiormente allo scopo prefissato.<\/span><\/p>\n<p><span>  Agosto 2024<\/span><\/p>\n<p>&nbsp;<\/p>\n<p>[\/et_pb_text][\/et_pb_column][\/et_pb_row][\/et_pb_section]<\/p>\n","protected":false},"excerpt":{"rendered":"<p>Delphin Tec Schiffstechnik GmbH AGBTermini e condizioni generaliQuanto segue agenerale Termini e condizioni sono Componente del Contratto di noleggio tra il Il contratto di noleggio (di seguito denominato Locatario) e il Locatore di Delphin Tec Schiffstechnik GmbH (di seguito denominato Locatore) Industriestra\u00dfe 12; 56626 Andernach e si applica anche a tutte le forniture e i servizi forniti dal Locatore in relazione allo stesso. 1. prenotazione A Prenotazione diventa prima a scritto Conferma e Ingresso il Deposito vincolante. Si consiglia in ogni caso di stipulare un&#8217;assicurazione contro l&#8217;annullamento e l&#8217;interruzione del viaggio (al momento della prenotazione). 2. deposito, saldo, cauzione Al momento della prenotazione, \u00e8 necessario versare un deposito pari al 50% del prezzo totale del noleggio entro 10 giorni, come indicato nella conferma della prenotazione. Il saldo deve essere versato tramite bonifico bancario in tempo utile, al pi\u00f9 tardi 4 settimane prima dell&#8217;inizio del tour. Il deposito di \u20ac 1.600,00 deve essere versato tramite bonifico bancario 4 settimane prima della consegna dell&#8217;imbarcazione. \u00c8 la franchigia per ogni sinistro. 2.a. Cancellazione Se il noleggiatore non utilizza la barca a noleggio prenotata o i servizi prenotati, \u00e8 dovuto un adeguato risarcimento. Questo ammonta al 10% del prezzo di noleggio contrattualmente concordato fino [&hellip;]<\/p>\n","protected":false},"author":1,"featured_media":0,"parent":0,"menu_order":0,"comment_status":"closed","ping_status":"closed","template":"","meta":{"_et_pb_use_builder":"on","_et_pb_old_content":"","_et_gb_content_width":"","footnotes":""},"class_list":["post-2628","page","type-page","status-publish","hentry"],"_links":{"self":[{"href":"https:\/\/yachtcharter-holiday-tours.de\/it\/wp-json\/wp\/v2\/pages\/2628","targetHints":{"allow":["GET"]}}],"collection":[{"href":"https:\/\/yachtcharter-holiday-tours.de\/it\/wp-json\/wp\/v2\/pages"}],"about":[{"href":"https:\/\/yachtcharter-holiday-tours.de\/it\/wp-json\/wp\/v2\/types\/page"}],"author":[{"embeddable":true,"href":"https:\/\/yachtcharter-holiday-tours.de\/it\/wp-json\/wp\/v2\/users\/1"}],"replies":[{"embeddable":true,"href":"https:\/\/yachtcharter-holiday-tours.de\/it\/wp-json\/wp\/v2\/comments?post=2628"}],"version-history":[{"count":10,"href":"https:\/\/yachtcharter-holiday-tours.de\/it\/wp-json\/wp\/v2\/pages\/2628\/revisions"}],"predecessor-version":[{"id":5355,"href":"https:\/\/yachtcharter-holiday-tours.de\/it\/wp-json\/wp\/v2\/pages\/2628\/revisions\/5355"}],"wp:attachment":[{"href":"https:\/\/yachtcharter-holiday-tours.de\/it\/wp-json\/wp\/v2\/media?parent=2628"}],"curies":[{"name":"wp","href":"https:\/\/api.w.org\/{rel}","templated":true}]}}