{"id":2664,"date":"2023-01-11T15:45:28","date_gmt":"2023-01-11T15:45:28","guid":{"rendered":"https:\/\/yachtcharter-holiday-tours.de\/acquista-la-casa-galleggiante-elettrica-joylife\/"},"modified":"2024-05-10T16:51:11","modified_gmt":"2024-05-10T16:51:11","slug":"acquista-la-casa-galleggiante-elettrica-joylife","status":"publish","type":"page","link":"https:\/\/yachtcharter-holiday-tours.de\/it\/acquista-la-casa-galleggiante-elettrica-joylife\/","title":{"rendered":"Acquista la casa galleggiante elettrica Joylife"},"content":{"rendered":"<p>[et_pb_section fb_built=&#8221;1&#8243; admin_label=&#8221;Header&#8221; _builder_version=&#8221;4.22.2&#8243; use_background_color_gradient=&#8221;on&#8221; background_color_gradient_type=&#8221;circular&#8221; background_color_gradient_direction_radial=&#8221;top left&#8221; background_color_gradient_stops=&#8221;rgba(255,255,255,0.89) 30%|rgba(255,255,255,0) 80%&#8221; background_color_gradient_overlays_image=&#8221;on&#8221; background_color_gradient_start=&#8221;rgba(255,255,255,0.89)&#8221; background_color_gradient_start_position=&#8221;30%&#8221; background_color_gradient_end=&#8221;rgba(255,255,255,0)&#8221; background_color_gradient_end_position=&#8221;80%&#8221; background_image=&#8221;https:\/\/yachtcharter-holiday-tours.de\/wp-content\/uploads\/2023\/10\/Joylife-Boats-Aussenansicht3.jpg&#8221; background_enable_video_mp4=&#8221;off&#8221; background_enable_video_webm=&#8221;off&#8221; background_video_width=&#8221;1920&#8243; background_video_height=&#8221;1280&#8243; custom_padding=&#8221;12vw|0px|0|0px|false|false&#8221; hover_transition_duration=&#8221;0ms&#8221; hover_transition_duration_tablet=&#8221;0ms&#8221; hover_transition_duration_phone=&#8221;0ms&#8221; hover_transition_duration_last_edited=&#8221;on|tablet&#8221; global_colors_info=&#8221;{}&#8221;][et_pb_row column_structure=&#8221;3_4,1_4&#8243; _builder_version=&#8221;4.19.4&#8243; min_height=&#8221;226.8px&#8221; custom_margin=&#8221;|auto||auto|false|false&#8221; custom_padding=&#8221;||||false|false&#8221; global_colors_info=&#8221;{}&#8221;][et_pb_column type=&#8221;3_4&#8243; _builder_version=&#8221;4.16&#8243; custom_padding=&#8221;|||&#8221; global_colors_info=&#8221;{}&#8221; custom_padding__hover=&#8221;|||&#8221;][et_pb_text _builder_version=&#8221;4.19.4&#8243; text_font=&#8221;||||||||&#8221; header_font=&#8221;|700|||||||&#8221; header_text_color=&#8221;#000000&#8243; header_font_size=&#8221;80px&#8221; header_line_height=&#8221;1.2em&#8221; header_5_font=&#8221;Poppins|500||on|||||&#8221; header_5_text_color=&#8221;#000000&#8243; header_5_font_size=&#8221;20px&#8221; header_5_letter_spacing=&#8221;0.5em&#8221; header_5_line_height=&#8221;1.8em&#8221; min_height=&#8221;81px&#8221; animation_style=&#8221;zoom&#8221; header_font_size_tablet=&#8221;48px&#8221; header_font_size_phone=&#8221;32px&#8221; header_font_size_last_edited=&#8221;on|phone&#8221; header_5_font_size_tablet=&#8221;14px&#8221; header_5_font_size_phone=&#8221;12px&#8221; header_5_font_size_last_edited=&#8221;on|desktop&#8221; global_colors_info=&#8221;{}&#8221;]<\/p>\n<h5><span>Investimenti nel turismo sostenibile<\/span><\/h5>\n<h1><span>Acquista la barca Joylife<\/span><\/h1>\n<p>[\/et_pb_text][\/et_pb_column][et_pb_column type=&#8221;1_4&#8243; _builder_version=&#8221;4.16&#8243; custom_padding=&#8221;|||&#8221; global_colors_info=&#8221;{}&#8221; custom_padding__hover=&#8221;|||&#8221;][et_pb_image src=&#8221;https:\/\/yachtcharter-holiday-tours.de\/wp-content\/uploads\/2023\/01\/Logo-Delphin-Tec-Schiffstechnik.png&#8221; title_text=&#8221;Logo Delphin Tec Tecnologia navale&#8221; disabled_on=&#8221;on|on|off&#8221; _builder_version=&#8221;4.19.4&#8243; _module_preset=&#8221;default&#8221; custom_margin=&#8221;74px||||false|false&#8221; global_colors_info=&#8221;{}&#8221;][\/et_pb_image][\/et_pb_column][\/et_pb_row][\/et_pb_section][et_pb_section fb_built=&#8221;1&#8243; admin_label=&#8221;About Us&#8221; _builder_version=&#8221;4.16&#8243; global_colors_info=&#8221;{}&#8221;][et_pb_row custom_padding_last_edited=&#8221;off|desktop&#8221; _builder_version=&#8221;4.16&#8243; module_alignment=&#8221;center&#8221; custom_padding=&#8221;27px|0px|0|0px|false|false&#8221; custom_padding_tablet=&#8221;|0px||0px||true&#8221; global_colors_info=&#8221;{}&#8221;][et_pb_column type=&#8221;4_4&#8243; _builder_version=&#8221;4.16&#8243; custom_padding=&#8221;|||&#8221; global_colors_info=&#8221;{}&#8221; custom_padding__hover=&#8221;|||&#8221;][et_pb_text _builder_version=&#8221;4.19.4&#8243; text_font=&#8221;||||||||&#8221; text_line_height=&#8221;2em&#8221; header_font=&#8221;||||||||&#8221; header_2_font=&#8221;|600|||||||&#8221; header_2_font_size=&#8221;42px&#8221; header_2_line_height=&#8221;1.4em&#8221; header_6_font=&#8221;Poppins|||on|||||&#8221; header_6_font_size=&#8221;16px&#8221; header_6_letter_spacing=&#8221;5px&#8221; header_6_line_height=&#8221;1.8em&#8221; max_width=&#8221;1440px&#8221; module_alignment=&#8221;left&#8221; header_2_font_size_tablet=&#8221;35px&#8221; header_2_font_size_phone=&#8221;22px&#8221; header_2_font_size_last_edited=&#8221;on|phone&#8221; global_colors_info=&#8221;{}&#8221;]<\/p>\n<h2>Cresce il piacere individuale delle vacanze e del tempo libero<\/h2>\n<p>[\/et_pb_text][\/et_pb_column][\/et_pb_row][et_pb_row custom_padding_last_edited=&#8221;off|desktop&#8221; _builder_version=&#8221;4.16&#8243; custom_padding=&#8221;27px|0|27px|0px|false|false&#8221; custom_padding_tablet=&#8221;|0px||0px||true&#8221; global_colors_info=&#8221;{}&#8221;][et_pb_column type=&#8221;4_4&#8243; _builder_version=&#8221;4.16&#8243; custom_padding=&#8221;|||&#8221; global_colors_info=&#8221;{}&#8221; custom_padding__hover=&#8221;|||&#8221;][et_pb_text _builder_version=&#8221;4.19.4&#8243; text_font=&#8221;Poppins||||||||&#8221; text_line_height=&#8221;2em&#8221; header_font=&#8221;||||||||&#8221; header_2_font=&#8221;Raleway|700|||||||&#8221; header_2_font_size=&#8221;50px&#8221; header_2_line_height=&#8221;1.4em&#8221; header_6_font=&#8221;Raleway|700||on|||||&#8221; header_6_font_size=&#8221;16px&#8221; header_6_letter_spacing=&#8221;5px&#8221; header_6_line_height=&#8221;1.8em&#8221; max_width=&#8221;1440px&#8221; module_alignment=&#8221;left&#8221; header_2_font_size_tablet=&#8221;35px&#8221; header_2_font_size_phone=&#8221;25px&#8221; header_2_font_size_last_edited=&#8221;on|phone&#8221; global_colors_info=&#8221;{}&#8221;]<\/p>\n<div class=\"et_pb_module et_pb_text et_pb_text_0 et_pb_text_align_left et_pb_bg_layout_light\">\n<div class=\"et_pb_text_inner\">\n<p>Il settore delle case galleggianti, come quello dei camper, \u00e8 in costante crescita da anni. Inoltre, nell&#8217;attuale epoca sociale, questa attivit\u00e0 di vacanza e di svago individuale sta conoscendo un enorme boom. Ci\u00f2 conferma il buon tasso di occupazione delle societ\u00e0 di noleggio di case galleggianti. Questo significa che chi decide di fare una vacanza in casa galleggiante durante l&#8217;alta stagione, a maggio, deve essere molto fortunato se riesce ancora ad accaparrarsi una casa galleggiante. Dopo aver vissuto una vacanza sull&#8217;acqua, molti ospiti pianificano gi\u00e0 il loro prossimo soggiorno e si assicurano in anticipo le prossime uscite.<\/p>\n<p>Approfittate di questa opportunit\u00e0 di investimento unica, diventate proprietari di una casa galleggiante, concedetevi un periodo di vacanza a bordo e lasciate la casa galleggiante Joylife alla Delphin Tec Schiffstechnik GmbH per il noleggio agli ospiti per il tempo rimanente. &#8211; Possedere una casa galleggiante, trascorrervi le vacanze e il tempo libero e guadagnare comunque un po&#8217; di soldi durante l&#8217;anno \u00e8 una combinazione interessante di vacanza e ritorno.<\/p>\n<\/div>\n<\/div>\n<p>Delphin Tec Schiffstechnik GmbH fa parte del gruppo di aziende SBS, per cui la societ\u00e0<span> <\/span><a href=\"http:\/\/www.sbs-andernach.de\/\" target=\"_blank\" rel=\"noopener\">SBS Andernach GmbH<\/a><span>, la societ\u00e0 madre <\/span>di Andernach, nella Renania-Palatinato, si \u00e8 distinta con successo sul mercato come produttore di ponti di atterraggio, strutture per imbarcazioni sportive, ponti galleggianti, garage per imbarcazioni, imbarcazioni speciali per i vigili del fuoco, la polizia e i servizi di soccorso, traghetti, nonch\u00e9 imbarcazioni da diporto e case galleggianti. SBS Andernach GmbH esiste come azienda di medie dimensioni da quasi 100 anni ed \u00e8 affiancata dall&#8217;altra societ\u00e0 sorella, SBS Andernach GmbH.<span> <\/span><a href=\"https:\/\/sbs-technik.gmbh\" target=\"_blank\" rel=\"noopener\">SBS Technik GmbH<\/a>, che \u00e8 responsabile, tra l&#8217;altro, dell&#8217;ingegneria elettrica marina e delle imbarcazioni e quindi dell&#8217;assistenza e della manutenzione, compresa la linea telefonica di assistenza, delle case galleggianti elettriche Joylife.<\/p>\n<p>Questo significa che possiamo <span>offrirti tutto<\/span> da un&#8217;<span>unica fonte per la tua casa galleggiante<\/span>, dall&#8217;idea, alla progettazione, alla pianificazione, alla produzione, all&#8217;<span>approvazione da parte dell&#8217;Ufficio delle vie navigabili e della navigazione, al varo, alla familiarizzazione con la barca, all&#8217;assistenza e alla manutenzione e, se lo desideri, al noleggio<\/span>.<\/p>\n<p>Contattateci per una consulenza iniziale non vincolante. Non vediamo l&#8217;ora di vedervi.<\/p>\n<p style=\"text-align: left;\"><strong>Delphin Tec Schiffstechnik GmbH<\/strong><\/p>\n<p style=\"text-align: left;\"><span>Matthias Schmitt, direttore generale<br \/>Strada industriale 12<br \/>56626 Andernach<\/span><br \/><span><\/span><\/p>\n<p style=\"text-align: left;\"><span>Telefono: +49 26 32 \/ 96 55 -80<\/span><br \/><span>Fax: +49 26 32 \/ 96 55 -11<\/span><br \/><span>e-mail: <\/span><a href=\"mailto:info@delphin-tec.de\">info@delphin-tec.de<\/a><br \/><span>Internet: <\/span><a href=\"https:\/\/www.delphin-tec.de\/\" target=\"_blank\" rel=\"noopener\">www.delphin-tec.de<\/a><\/p>\n<p>[\/et_pb_text][\/et_pb_column][\/et_pb_row][\/et_pb_section][et_pb_section fb_built=&#8221;1&#8243; admin_label=&#8221;Reservations&#8221; _builder_version=&#8221;4.19.4&#8243; use_background_color_gradient=&#8221;on&#8221; background_color_gradient_type=&#8221;circular&#8221; background_color_gradient_stops=&#8221;rgba(38,46,53,0) 0%|#2f3a44 100%&#8221; background_color_gradient_overlays_image=&#8221;on&#8221; background_color_gradient_start=&#8221;#2f3a44&#8243; background_color_gradient_start_position=&#8221;25%&#8221; background_color_gradient_end=&#8221;rgba(38,46,53,0)&#8221; background_image=&#8221;https:\/\/yachtcharter-holiday-tours.de\/wp-content\/uploads\/2022\/12\/SBS-Firmenansicht-volbild_aussen.jpg&#8221; background_enable_video_mp4=&#8221;off&#8221; custom_padding=&#8221;8vw|0px|280px|0px|false|false&#8221; global_colors_info=&#8221;{}&#8221;][et_pb_row use_custom_gutter=&#8221;on&#8221; make_equal=&#8221;on&#8221; _builder_version=&#8221;4.16&#8243; global_colors_info=&#8221;{}&#8221;][et_pb_column type=&#8221;4_4&#8243; _builder_version=&#8221;4.16&#8243; custom_padding=&#8221;|||&#8221; global_colors_info=&#8221;{}&#8221; custom_padding__hover=&#8221;|||&#8221;][et_pb_text _builder_version=&#8221;4.19.4&#8243; text_font=&#8221;||||||||&#8221; text_font_size=&#8221;22px&#8221; text_line_height=&#8221;2em&#8221; header_font=&#8221;||||||||&#8221; header_2_font=&#8221;|700|||||||&#8221; header_2_font_size=&#8221;42px&#8221; header_2_line_height=&#8221;1.2em&#8221; header_6_font=&#8221;Raleway|700||on|||||&#8221; header_6_font_size=&#8221;16px&#8221; header_6_letter_spacing=&#8221;5px&#8221; header_6_line_height=&#8221;1.8em&#8221; background_layout=&#8221;dark&#8221; max_width_tablet=&#8221;&#8221; max_width_phone=&#8221;&#8221; max_width_last_edited=&#8221;on|desktop&#8221; header_2_font_size_tablet=&#8221;35px&#8221; header_2_font_size_phone=&#8221;22px&#8221; header_2_font_size_last_edited=&#8221;on|phone&#8221; locked=&#8221;off&#8221; global_colors_info=&#8221;{}&#8221;]<\/p>\n<h3><span><strong>Stazione base<\/strong><\/span><\/h3>\n<h2><span> Delphin Tec Schiffstechnik GmbH<\/span><\/h2>\n<h3 style=\"text-align: left;\"><strong><span>Andernach<\/span><\/strong><\/h3>\n<p>[\/et_pb_text][\/et_pb_column][\/et_pb_row][\/et_pb_section][et_pb_section fb_built=&#8221;1&#8243; admin_label=&#8221;Contact Info&#8221; _builder_version=&#8221;4.16&#8243; background_color=&#8221;#ffffff&#8221; max_width=&#8221;90%&#8221; max_width_tablet=&#8221;&#8221; max_width_phone=&#8221;100%&#8221; max_width_last_edited=&#8221;on|phone&#8221; custom_margin=&#8221;-160px|||&#8221; border_color_all=&#8221;#ffffff&#8221; border_width_left=&#8221;10vw&#8221; global_colors_info=&#8221;{}&#8221;][et_pb_row column_structure=&#8221;1_3,1_3,1_3&#8243; _builder_version=&#8221;4.16&#8243; width=&#8221;100%&#8221; custom_width_px=&#8221;800px&#8221; locked=&#8221;off&#8221; global_colors_info=&#8221;{}&#8221;][et_pb_column type=&#8221;1_3&#8243; _builder_version=&#8221;4.16&#8243; custom_padding=&#8221;|||&#8221; global_colors_info=&#8221;{}&#8221; custom_padding__hover=&#8221;|||&#8221;][et_pb_blurb title=&#8221;+49 26 32 96 55 90&#8243; use_icon=&#8221;on&#8221; font_icon=&#8221;&#xe090;||divi||400&#8243; icon_placement=&#8221;left&#8221; image_icon_width=&#8221;24px&#8221; _builder_version=&#8221;4.22.2&#8243; header_level=&#8221;h5&#8243; header_font=&#8221;Poppins||||||||&#8221; header_text_color=&#8221;#000000&#8243; header_line_height=&#8221;1.4em&#8221; icon_font_size=&#8221;24px&#8221; global_colors_info=&#8221;{}&#8221;][\/et_pb_blurb][\/et_pb_column][et_pb_column type=&#8221;1_3&#8243; _builder_version=&#8221;4.16&#8243; custom_padding=&#8221;|||&#8221; global_colors_info=&#8221;{}&#8221; custom_padding__hover=&#8221;|||&#8221;][et_pb_blurb title=&#8221;Delphin Tec Schiffstechnik GmbH&#8221; use_icon=&#8221;on&#8221; font_icon=&#8221;&#xe081;||divi||400&#8243; icon_placement=&#8221;left&#8221; image_icon_width=&#8221;24px&#8221; _builder_version=&#8221;4.25.0&#8243; header_level=&#8221;h5&#8243; header_font=&#8221;||||||||&#8221; header_text_color=&#8221;#000000&#8243; header_line_height=&#8221;1.4em&#8221; link_option_url_new_window=&#8221;on&#8221; icon_font_size=&#8221;24px&#8221; global_colors_info=&#8221;{}&#8221; global_module=&#8221;4949&#8243; theme_builder_area=&#8221;post_content&#8221;]<\/p>\n<p><span>Saarwiesenring 12a \/ <\/span><span>Yachthafen (Parkplatz Hafen) &#8211; <\/span><span>66663 Merzig<\/span><\/p>\n<p>[\/et_pb_blurb][\/et_pb_column][et_pb_column type=&#8221;1_3&#8243; _builder_version=&#8221;4.16&#8243; custom_padding=&#8221;|||&#8221; global_colors_info=&#8221;{}&#8221; custom_padding__hover=&#8221;|||&#8221;][et_pb_blurb title=&#8221;info@yachtcharter-holiday-tours.de&#8221; url=&#8221;mailto:info@yachtcharter-holiday-tours.de&#8221; use_icon=&#8221;on&#8221; font_icon=&#8221;&#xe076;||divi||400&#8243; icon_placement=&#8221;left&#8221; image_icon_width=&#8221;24px&#8221; _builder_version=&#8221;4.19.4&#8243; header_level=&#8221;h5&#8243; header_font=&#8221;Poppins||||||||&#8221; header_text_color=&#8221;#000000&#8243; header_line_height=&#8221;1.4em&#8221; icon_font_size=&#8221;24px&#8221; global_colors_info=&#8221;{}&#8221;][\/et_pb_blurb][\/et_pb_column][\/et_pb_row][\/et_pb_section]<\/p>\n","protected":false},"excerpt":{"rendered":"<p>Investimenti nel turismo sostenibile Acquista la barca JoylifeCresce il piacere individuale delle vacanze e del tempo libero Il settore delle case galleggianti, come quello dei camper, \u00e8 in costante crescita da anni. Inoltre, nell&#8217;attuale epoca sociale, questa attivit\u00e0 di vacanza e di svago individuale sta conoscendo un enorme boom. Ci\u00f2 conferma il buon tasso di occupazione delle societ\u00e0 di noleggio di case galleggianti. Questo significa che chi decide di fare una vacanza in casa galleggiante durante l&#8217;alta stagione, a maggio, deve essere molto fortunato se riesce ancora ad accaparrarsi una casa galleggiante. Dopo aver vissuto una vacanza sull&#8217;acqua, molti ospiti pianificano gi\u00e0 il loro prossimo soggiorno e si assicurano in anticipo le prossime uscite. Approfittate di questa opportunit\u00e0 di investimento unica, diventate proprietari di una casa galleggiante, concedetevi un periodo di vacanza a bordo e lasciate la casa galleggiante Joylife alla Delphin Tec Schiffstechnik GmbH per il noleggio agli ospiti per il tempo rimanente. &#8211; Possedere una casa galleggiante, trascorrervi le vacanze e il tempo libero e guadagnare comunque un po&#8217; di soldi durante l&#8217;anno \u00e8 una combinazione interessante di vacanza e ritorno. Delphin Tec Schiffstechnik GmbH fa parte del gruppo di aziende SBS, per cui la societ\u00e0 SBS Andernach [&hellip;]<\/p>\n","protected":false},"author":2,"featured_media":0,"parent":0,"menu_order":0,"comment_status":"closed","ping_status":"closed","template":"","meta":{"_et_pb_use_builder":"on","_et_pb_old_content":"","_et_gb_content_width":"","footnotes":""},"class_list":["post-2664","page","type-page","status-publish","hentry"],"_links":{"self":[{"href":"https:\/\/yachtcharter-holiday-tours.de\/it\/wp-json\/wp\/v2\/pages\/2664","targetHints":{"allow":["GET"]}}],"collection":[{"href":"https:\/\/yachtcharter-holiday-tours.de\/it\/wp-json\/wp\/v2\/pages"}],"about":[{"href":"https:\/\/yachtcharter-holiday-tours.de\/it\/wp-json\/wp\/v2\/types\/page"}],"author":[{"embeddable":true,"href":"https:\/\/yachtcharter-holiday-tours.de\/it\/wp-json\/wp\/v2\/users\/2"}],"replies":[{"embeddable":true,"href":"https:\/\/yachtcharter-holiday-tours.de\/it\/wp-json\/wp\/v2\/comments?post=2664"}],"version-history":[{"count":5,"href":"https:\/\/yachtcharter-holiday-tours.de\/it\/wp-json\/wp\/v2\/pages\/2664\/revisions"}],"predecessor-version":[{"id":5045,"href":"https:\/\/yachtcharter-holiday-tours.de\/it\/wp-json\/wp\/v2\/pages\/2664\/revisions\/5045"}],"wp:attachment":[{"href":"https:\/\/yachtcharter-holiday-tours.de\/it\/wp-json\/wp\/v2\/media?parent=2664"}],"curies":[{"name":"wp","href":"https:\/\/api.w.org\/{rel}","templated":true}]}}