{"id":7853,"date":"2025-07-31T14:48:31","date_gmt":"2025-07-31T14:48:31","guid":{"rendered":"https:\/\/yachtcharter-holiday-tours.de\/ormeggi-yachtcharter-viaggi-vacanze\/"},"modified":"2025-08-01T06:09:10","modified_gmt":"2025-08-01T06:09:10","slug":"ormeggi-yachtcharter-viaggi-vacanze","status":"publish","type":"page","link":"https:\/\/yachtcharter-holiday-tours.de\/it\/ormeggi-yachtcharter-viaggi-vacanze\/","title":{"rendered":"Ormeggi Yachtcharter Viaggi vacanze"},"content":{"rendered":"<p>[et_pb_section fb_built=&#8221;1&#8243; admin_label=&#8221;Header&#8221; _builder_version=&#8221;4.27.4&#8243; use_background_color_gradient=&#8221;on&#8221; background_color_gradient_type=&#8221;circular&#8221; background_color_gradient_direction_radial=&#8221;top left&#8221; background_color_gradient_stops=&#8221;rgba(255,255,255,0.3) 29%|rgba(255,255,255,0) 80%&#8221; background_color_gradient_overlays_image=&#8221;on&#8221; background_color_gradient_start=&#8221;rgba(255,255,255,0.89)&#8221; background_color_gradient_start_position=&#8221;30%&#8221; background_color_gradient_end=&#8221;rgba(255,255,255,0)&#8221; background_color_gradient_end_position=&#8221;80%&#8221; background_image=&#8221;https:\/\/yachtcharter-holiday-tours.de\/wp-content\/uploads\/2025\/07\/Flottille-Linssen-Yachten-Saarschleife-29.03.25.jpg&#8221; background_enable_video_mp4=&#8221;off&#8221; background_video_width=&#8221;1920&#8243; background_video_height=&#8221;1280&#8243; background_video_pause_outside_viewport=&#8221;off&#8221; min_height=&#8221;677.8px&#8221; custom_margin=&#8221;||||false|false&#8221; custom_padding=&#8221;|0px||0px|false|false&#8221; global_colors_info=&#8221;{}&#8221;][et_pb_row _builder_version=&#8221;4.19.4&#8243; custom_margin=&#8221;|||&#8221; custom_padding=&#8221;12vw||||false|false&#8221; global_colors_info=&#8221;{}&#8221;][et_pb_column type=&#8221;4_4&#8243; _builder_version=&#8221;4.16&#8243; custom_padding=&#8221;|||&#8221; global_colors_info=&#8221;{}&#8221; custom_padding__hover=&#8221;|||&#8221;][et_pb_text _builder_version=&#8221;4.27.4&#8243; text_font=&#8221;||||||||&#8221; header_font=&#8221;|700|||||||&#8221; header_text_color=&#8221;#000000&#8243; header_font_size=&#8221;80px&#8221; header_line_height=&#8221;1.2em&#8221; header_5_font=&#8221;Poppins|500||on|||||&#8221; header_5_text_color=&#8221;#000000&#8243; header_5_font_size=&#8221;20px&#8221; header_5_letter_spacing=&#8221;0.5em&#8221; header_5_line_height=&#8221;1.8em&#8221; custom_margin=&#8221;||||false|false&#8221; custom_margin_tablet=&#8221;|||0px|false|false&#8221; custom_margin_phone=&#8221;|||0px|false|false&#8221; custom_margin_last_edited=&#8221;off|desktop&#8221; animation_style=&#8221;zoom&#8221; animation_intensity_zoom=&#8221;5%&#8221; header_font_size_tablet=&#8221;48px&#8221; header_font_size_phone=&#8221;32px&#8221; header_font_size_last_edited=&#8221;on|phone&#8221; header_5_font_size_tablet=&#8221;14px&#8221; header_5_font_size_phone=&#8221;12px&#8221; header_5_font_size_last_edited=&#8221;on|desktop&#8221; global_colors_info=&#8221;{}&#8221; custom_margin__hover_enabled=&#8221;off|desktop&#8221;]<\/p>\n<h1><span style=\"color: #ffffff;\">Posti barca  <\/span><\/h1>\n<h1><span style=\"color: #ffffff;\">Tour delle vacanze in barca<\/span><\/h1>\n<h3><span style=\"color: #ffffff;\">I nostri ormeggi privati &#8211; per i nostri ospiti &#8211; gli ormeggi per gli ospiti con prenotazione sono benvenuti<\/span><\/h3>\n<p>[\/et_pb_text][\/et_pb_column][\/et_pb_row][\/et_pb_section][et_pb_section fb_built=&#8221;1&#8243; admin_label=&#8221;About Us&#8221; _builder_version=&#8221;4.27.4&#8243; global_colors_info=&#8221;{}&#8221;][et_pb_row custom_padding_last_edited=&#8221;off|desktop&#8221; _builder_version=&#8221;4.16&#8243; custom_padding=&#8221;27px|0px|0|0px|false|false&#8221; custom_padding_tablet=&#8221;|0px||0px||true&#8221; global_colors_info=&#8221;{}&#8221;][et_pb_column type=&#8221;4_4&#8243; _builder_version=&#8221;4.16&#8243; custom_padding=&#8221;|||&#8221; global_colors_info=&#8221;{}&#8221; custom_padding__hover=&#8221;|||&#8221;][et_pb_text _builder_version=&#8221;4.27.4&#8243; text_font=&#8221;||||||||&#8221; text_line_height=&#8221;2em&#8221; header_font=&#8221;||||||||&#8221; header_2_font=&#8221;|600|||||||&#8221; header_2_font_size=&#8221;50px&#8221; header_2_line_height=&#8221;1.4em&#8221; header_6_font=&#8221;Poppins|||on|||||&#8221; header_6_font_size=&#8221;16px&#8221; header_6_letter_spacing=&#8221;5px&#8221; header_6_line_height=&#8221;1.8em&#8221; module_alignment=&#8221;center&#8221; header_2_font_size_tablet=&#8221;35px&#8221; header_2_font_size_phone=&#8221;22px&#8221; header_2_font_size_last_edited=&#8221;on|phone&#8221; global_colors_info=&#8221;{}&#8221;]<\/p>\n<h2>Ormeggi sulla Saar<\/h2>\n<p>Saarburg &#8211; Mettlach &#8211; Saarschleife &#8211; Merzig<\/p>\n<p>[\/et_pb_text][\/et_pb_column][\/et_pb_row][et_pb_row column_structure=&#8221;1_2,1_2&#8243; use_custom_gutter=&#8221;on&#8221; gutter_width=&#8221;2&#8243; _builder_version=&#8221;4.27.4&#8243; custom_margin=&#8221;||||false|false&#8221; global_colors_info=&#8221;{}&#8221;][et_pb_column type=&#8221;1_2&#8243; _builder_version=&#8221;4.16&#8243; custom_padding=&#8221;|||&#8221; global_colors_info=&#8221;{}&#8221; custom_padding__hover=&#8221;|||&#8221;][et_pb_image src=&#8221;https:\/\/yachtcharter-holiday-tours.de\/wp-content\/uploads\/2025\/07\/Fahrgebiet-Yacht_neue-Anleger.jpg&#8221; title_text=&#8221;Fahrgebiet Yacht_neue Anleger&#8221; show_in_lightbox=&#8221;on&#8221; _builder_version=&#8221;4.27.4&#8243; _module_preset=&#8221;default&#8221; global_colors_info=&#8221;{}&#8221;][\/et_pb_image][\/et_pb_column][et_pb_column type=&#8221;1_2&#8243; _builder_version=&#8221;4.16&#8243; custom_padding=&#8221;|||&#8221; global_colors_info=&#8221;{}&#8221; custom_padding__hover=&#8221;|||&#8221;][et_pb_text _builder_version=&#8221;4.27.4&#8243; _module_preset=&#8221;default&#8221; global_colors_info=&#8221;{}&#8221;]<\/p>\n<p style=\"text-align: justify;\"><span>I nostri ormeggi privati sulla Saar, a Merzig, Saarschleife, Mettlach e Saarburg, sono a disposizione dei nostri ospiti cos\u00ec come gli ormeggi per gli ospiti. Al costo di una tariffa corrispondente per notte, puoi ormeggiare qui in tutta sicurezza e il tempo di ormeggio \u00e8 limitato a 2 giorni. Se vuoi rimanere pi\u00f9 a lungo in un ormeggio, inviaci un&#8217;e-mail a <a href=\"mailto:info@yachtcharter-holiday-tours.de\">info@yachtcharter-holiday-tours.de<\/a>.   <\/span><span>e vedremo se \u00e8 possibile. Grazie per la tua comprensione. <\/span><\/p>\n<p>Di seguito sono elencati i nostri ormeggi privati con i posti barca per te:<\/p>\n<ul>\n<li>Saarburg, pontile di Staden, chilometro 11,0 380 riva sinistra<\/li>\n<li>Mettlach, porto turistico\/stazione base Joylife Boats, vicino al centro canoa di Mettlach<\/li>\n<li>Saarschleife (Dreisbach), presso il molo di noleggio barche Saar<\/li>\n<li>Merzig, Marina\/Basestation Yachtcharter Holiday Tours, molo A ingresso del porto sulla destra<\/li>\n<\/ul>\n<p style=\"text-align: justify;\">Che si tratti di una notte di relax in uno dei nostri ormeggi o di una sosta durante il tuo viaggio, non vediamo l&#8217;ora che tu venga a visitare la bellissima zona di crociera della Saar!<\/p>\n<p>[\/et_pb_text][et_pb_button button_text=&#8221;Buchen &#8211; Saarburg&#8221; button_alignment=&#8221;left&#8221; _builder_version=&#8221;4.27.4&#8243; _module_preset=&#8221;default&#8221; global_colors_info=&#8221;{}&#8221;][\/et_pb_button][et_pb_button button_text=&#8221;Buchen &#8211; Mettlach&#8221; button_alignment=&#8221;left&#8221; _builder_version=&#8221;4.27.4&#8243; _module_preset=&#8221;default&#8221; global_colors_info=&#8221;{}&#8221;][\/et_pb_button][et_pb_button button_text=&#8221;Buchen &#8211; Saarschleife&#8221; button_alignment=&#8221;left&#8221; _builder_version=&#8221;4.27.4&#8243; _module_preset=&#8221;default&#8221; global_colors_info=&#8221;{}&#8221;][\/et_pb_button][et_pb_button button_text=&#8221;Buchen &#8211; Merzig&#8221; button_alignment=&#8221;left&#8221; _builder_version=&#8221;4.27.4&#8243; _module_preset=&#8221;default&#8221; global_colors_info=&#8221;{}&#8221;][\/et_pb_button][\/et_pb_column][\/et_pb_row][et_pb_row _builder_version=&#8221;4.16&#8243; global_colors_info=&#8221;{}&#8221;][et_pb_column type=&#8221;4_4&#8243; _builder_version=&#8221;4.16&#8243; custom_padding=&#8221;|||&#8221; global_colors_info=&#8221;{}&#8221; custom_padding__hover=&#8221;|||&#8221;][et_pb_text _builder_version=&#8221;4.27.4&#8243; text_font=&#8221;||||||||&#8221; text_line_height=&#8221;2em&#8221; header_font=&#8221;||||||||&#8221; header_3_font=&#8221;|600|||||||&#8221; header_3_text_color=&#8221;#000000&#8243; header_3_line_height=&#8221;1.2em&#8221; header_3_font_size_tablet=&#8221;30px&#8221; header_3_font_size_phone=&#8221;18px&#8221; header_3_font_size_last_edited=&#8221;on|phone&#8221; locked=&#8221;off&#8221; global_colors_info=&#8221;{}&#8221;]<\/p>\n<p><strong>Ti ricordiamo che \u00e8 necessario prenotare il tuo posto barca con almeno 24 ore di anticipo. Grazie mille. <\/strong><\/p>\n<p>[\/et_pb_text][\/et_pb_column][\/et_pb_row][et_pb_row column_structure=&#8221;1_4,1_4,1_4,1_4&#8243; _builder_version=&#8221;4.27.4&#8243; _module_preset=&#8221;default&#8221; global_colors_info=&#8221;{}&#8221;][et_pb_column type=&#8221;1_4&#8243; _builder_version=&#8221;4.27.4&#8243; _module_preset=&#8221;default&#8221; global_colors_info=&#8221;{}&#8221;][et_pb_blurb title=&#8221;Saarburg&#8221; image=&#8221;https:\/\/yachtcharter-holiday-tours.de\/wp-content\/uploads\/2025\/08\/Steg-Saarburg.jpg&#8221; _builder_version=&#8221;4.27.4&#8243; _module_preset=&#8221;default&#8221; text_orientation=&#8221;center&#8221; global_colors_info=&#8221;{}&#8221;][\/et_pb_blurb][\/et_pb_column][et_pb_column type=&#8221;1_4&#8243; _builder_version=&#8221;4.27.4&#8243; _module_preset=&#8221;default&#8221; global_colors_info=&#8221;{}&#8221;][et_pb_blurb title=&#8221;Mettlach&#8221; image=&#8221;https:\/\/yachtcharter-holiday-tours.de\/wp-content\/uploads\/2025\/08\/Steg-Mettlach.jpg&#8221; _builder_version=&#8221;4.27.4&#8243; _module_preset=&#8221;default&#8221; text_orientation=&#8221;center&#8221; global_colors_info=&#8221;{}&#8221;][\/et_pb_blurb][\/et_pb_column][et_pb_column type=&#8221;1_4&#8243; _builder_version=&#8221;4.27.4&#8243; _module_preset=&#8221;default&#8221; global_colors_info=&#8221;{}&#8221;][et_pb_blurb title=&#8221;Saarschleife&#8221; image=&#8221;https:\/\/yachtcharter-holiday-tours.de\/wp-content\/uploads\/2025\/08\/Saarschleife-YCHT.jpg&#8221; _builder_version=&#8221;4.27.4&#8243; _module_preset=&#8221;default&#8221; text_orientation=&#8221;center&#8221; global_colors_info=&#8221;{}&#8221;][\/et_pb_blurb][\/et_pb_column][et_pb_column type=&#8221;1_4&#8243; _builder_version=&#8221;4.27.4&#8243; _module_preset=&#8221;default&#8221; global_colors_info=&#8221;{}&#8221;][et_pb_blurb title=&#8221;Merzig&#8221; image=&#8221;https:\/\/yachtcharter-holiday-tours.de\/wp-content\/uploads\/2025\/08\/Steg-Merzig.jpg&#8221; _builder_version=&#8221;4.27.4&#8243; _module_preset=&#8221;default&#8221; text_orientation=&#8221;center&#8221; global_colors_info=&#8221;{}&#8221;][\/et_pb_blurb][\/et_pb_column][\/et_pb_row][\/et_pb_section][et_pb_section fb_built=&#8221;1&#8243; admin_label=&#8221;Reservations&#8221; _builder_version=&#8221;4.27.4&#8243; use_background_color_gradient=&#8221;on&#8221; background_color_gradient_direction=&#8221;150deg&#8221; background_color_gradient_stops=&#8221;rgba(47,58,68,0.7) 25%|rgba(38,46,53,0) 100%&#8221; background_color_gradient_overlays_image=&#8221;on&#8221; background_color_gradient_start=&#8221;#2f3a44&#8243; background_color_gradient_start_position=&#8221;25%&#8221; background_color_gradient_end=&#8221;rgba(38,46,53,0)&#8221; background_image=&#8221;https:\/\/yachtcharter-holiday-tours.de\/wp-content\/uploads\/2025\/08\/Flottille-YCHT2-1.jpg&#8221; width=&#8221;100%&#8221; custom_margin=&#8221;||||false|false&#8221; custom_padding=&#8221;200px|0px|400px|0px|false|false&#8221; global_colors_info=&#8221;{}&#8221;][et_pb_row column_structure=&#8221;1_2,1_2&#8243; use_custom_gutter=&#8221;on&#8221; make_equal=&#8221;on&#8221; _builder_version=&#8221;4.16&#8243; hover_enabled=&#8221;0&#8243; global_colors_info=&#8221;{}&#8221; sticky_enabled=&#8221;0&#8243;][et_pb_column type=&#8221;1_2&#8243; _builder_version=&#8221;4.16&#8243; custom_padding=&#8221;|||&#8221; hover_enabled=&#8221;0&#8243; global_colors_info=&#8221;{}&#8221; custom_padding__hover=&#8221;|||&#8221; sticky_enabled=&#8221;0&#8243;][et_pb_text _builder_version=&#8221;4.27.4&#8243; text_font=&#8221;||||||||&#8221; text_line_height=&#8221;2em&#8221; header_font=&#8221;||||||||&#8221; header_text_color=&#8221;#FFFFFF&#8221; header_2_font=&#8221;|700|||||||&#8221; header_2_text_color=&#8221;#FFFFFF&#8221; header_2_font_size=&#8221;42px&#8221; header_2_line_height=&#8221;1.2em&#8221; header_3_text_color=&#8221;#FFFFFF&#8221; header_5_text_color=&#8221;#FFFFFF&#8221; header_6_font=&#8221;|700||on|||||&#8221; header_6_text_color=&#8221;#FFFFFF&#8221; header_6_font_size=&#8221;16px&#8221; header_6_letter_spacing=&#8221;5px&#8221; header_6_line_height=&#8221;1.8em&#8221; background_layout=&#8221;dark&#8221; max_width_tablet=&#8221;&#8221; max_width_phone=&#8221;&#8221; max_width_last_edited=&#8221;on|desktop&#8221; hover_enabled=&#8221;0&#8243; header_2_font_size_tablet=&#8221;35px&#8221; header_2_font_size_phone=&#8221;22px&#8221; header_2_font_size_last_edited=&#8221;on|phone&#8221; locked=&#8221;off&#8221; global_colors_info=&#8221;{}&#8221; sticky_enabled=&#8221;0&#8243;]<\/p>\n<h2><span>L&#8217;esperienza di Linssen Yacht&#8230;<\/span><\/h2>\n<p>Crociera culturale di 4 giorni con tante bellezze culturali, artistiche e culinarie<\/p>\n<\/p>\n<ul>\n<li><span>Villeroy &amp; Boch 2000 m2 mondo di esperienza<\/span><\/li>\n<li><span>Sito del patrimonio culturale mondiale dell&#8217;UNESCO V\u00f6lklingen Ironworks<\/span><\/li>\n<li><span>Museo Moderno Galerie Saarbr\u00fccken<\/span><\/li>\n<li><span>Degustazione di vini e Saar-Whisky<\/span><\/li>\n<li><span>Menu di 7 portate a La Louis (2 stelle Michelin)<\/span><\/li>\n<li><span>E molto altro ancora&#8230;<\/span><\/li>\n<\/ul>\n<p>[\/et_pb_text][\/et_pb_column][et_pb_column type=&#8221;1_2&#8243; _builder_version=&#8221;4.16&#8243; custom_padding=&#8221;|||&#8221; custom_padding_tablet=&#8221;0px||0px||true&#8221; global_colors_info=&#8221;{}&#8221; padding_tablet=&#8221;0px||0px||true&#8221; custom_padding__hover=&#8221;|||&#8221;][et_pb_button button_url=&#8221;@ET-DC@eyJkeW5hbWljIjp0cnVlLCJjb250ZW50IjoicG9zdF9saW5rX3VybF9wYWdlIiwic2V0dGluZ3MiOnsicG9zdF9pZCI6IjU4NTUiLCJlbmFibGVfaHRtbCI6Im9mZiJ9fQ==@&#8221; button_text=&#8221;Zum Arrangement&#8221; button_alignment=&#8221;right&#8221; _builder_version=&#8221;4.27.4&#8243; _dynamic_attributes=&#8221;button_url&#8221; custom_button=&#8221;on&#8221; button_text_color=&#8221;#FFFFFF&#8221; button_bg_color=&#8221;#1A0052&#8243; button_border_width=&#8221;10px&#8221; button_border_color=&#8221;#1A0052&#8243; button_border_radius=&#8221;0px&#8221; button_font=&#8221;|700|||||||&#8221; hover_enabled=&#8221;0&#8243; button_border_radius_hover=&#8221;0px&#8221; locked=&#8221;off&#8221; global_colors_info=&#8221;{}&#8221; button_text_size__hover_enabled=&#8221;off&#8221; button_one_text_size__hover_enabled=&#8221;off&#8221; button_two_text_size__hover_enabled=&#8221;off&#8221; button_text_color__hover_enabled=&#8221;off&#8221; button_one_text_color__hover_enabled=&#8221;off&#8221; button_two_text_color__hover_enabled=&#8221;off&#8221; button_border_width__hover_enabled=&#8221;off|desktop&#8221; button_one_border_width__hover_enabled=&#8221;off&#8221; button_two_border_width__hover_enabled=&#8221;off&#8221; button_border_color__hover_enabled=&#8221;on|hover&#8221; button_one_border_color__hover_enabled=&#8221;off&#8221; button_two_border_color__hover_enabled=&#8221;off&#8221; button_border_radius__hover_enabled=&#8221;on&#8221; button_border_radius__hover=&#8221;0px&#8221; button_one_border_radius__hover_enabled=&#8221;off&#8221; button_two_border_radius__hover_enabled=&#8221;off&#8221; button_letter_spacing__hover_enabled=&#8221;off&#8221; button_one_letter_spacing__hover_enabled=&#8221;off&#8221; button_two_letter_spacing__hover_enabled=&#8221;off&#8221; button_bg_color__hover_enabled=&#8221;off|desktop&#8221; button_one_bg_color__hover_enabled=&#8221;off&#8221; button_two_bg_color__hover_enabled=&#8221;off&#8221; button_border_color__hover=&#8221;#1A0052&#8243; sticky_enabled=&#8221;0&#8243;][\/et_pb_button][\/et_pb_column][\/et_pb_row][\/et_pb_section][et_pb_section fb_built=&#8221;1&#8243; admin_label=&#8221;Contact Info&#8221; _builder_version=&#8221;4.16&#8243; background_color=&#8221;#ffffff&#8221; max_width=&#8221;90%&#8221; max_width_tablet=&#8221;&#8221; max_width_phone=&#8221;100%&#8221; max_width_last_edited=&#8221;on|phone&#8221; custom_margin=&#8221;-160px|||&#8221; border_color_all=&#8221;#ffffff&#8221; border_width_left=&#8221;10vw&#8221; global_colors_info=&#8221;{}&#8221;][et_pb_row column_structure=&#8221;1_3,1_3,1_3&#8243; _builder_version=&#8221;4.19.4&#8243; width=&#8221;90%&#8221; max_width=&#8221;1921px&#8221; custom_width_px=&#8221;800px&#8221; locked=&#8221;off&#8221; global_colors_info=&#8221;{}&#8221;][et_pb_column type=&#8221;1_3&#8243; _builder_version=&#8221;4.16&#8243; custom_padding=&#8221;|||&#8221; global_colors_info=&#8221;{}&#8221; custom_padding__hover=&#8221;|||&#8221;][et_pb_blurb title=&#8221;+49 26 32 96 55 90&#8243; use_icon=&#8221;on&#8221; font_icon=&#8221;\ue090||divi||400&#8243; icon_placement=&#8221;left&#8221; image_icon_width=&#8221;24px&#8221; _builder_version=&#8221;4.22.2&#8243; header_level=&#8221;h5&#8243; header_font=&#8221;Poppins||||||||&#8221; header_text_color=&#8221;#000000&#8243; header_line_height=&#8221;1.4em&#8221; icon_font_size=&#8221;24px&#8221; global_colors_info=&#8221;{}&#8221;][\/et_pb_blurb][\/et_pb_column][et_pb_column type=&#8221;1_3&#8243; _builder_version=&#8221;4.16&#8243; custom_padding=&#8221;|||&#8221; global_colors_info=&#8221;{}&#8221; custom_padding__hover=&#8221;|||&#8221;][et_pb_blurb title=&#8221;Delphin Tec Schiffstechnik GmbH&#8221; use_icon=&#8221;on&#8221; font_icon=&#8221;\ue081||divi||400&#8243; icon_placement=&#8221;left&#8221; image_icon_width=&#8221;24px&#8221; _builder_version=&#8221;4.25.0&#8243; header_level=&#8221;h5&#8243; header_font=&#8221;||||||||&#8221; header_text_color=&#8221;#000000&#8243; header_line_height=&#8221;1.4em&#8221; link_option_url_new_window=&#8221;on&#8221; icon_font_size=&#8221;24px&#8221; global_module=&#8221;4949&#8243; saved_tabs=&#8221;all&#8221; global_colors_info=&#8221;{}&#8221;]<\/p>\n<p><span>Saarwiesenring 12a \/ <\/span><span>Yachthafen (parcheggio del porto) &#8211; <\/span><span>66663 Merzig<\/span><\/p>\n<p>[\/et_pb_blurb][\/et_pb_column][et_pb_column type=&#8221;1_3&#8243; _builder_version=&#8221;4.16&#8243; custom_padding=&#8221;|||&#8221; global_colors_info=&#8221;{}&#8221; custom_padding__hover=&#8221;|||&#8221;][et_pb_blurb title=&#8221;info@yachtcharter-holiday-tours.de&#8221; url=&#8221;mailto:info@yachtcharter-holiday-tours.de&#8221; url_new_window=&#8221;on&#8221; use_icon=&#8221;on&#8221; font_icon=&#8221;\ue076||divi||400&#8243; icon_placement=&#8221;left&#8221; image_icon_width=&#8221;24px&#8221; _builder_version=&#8221;4.23&#8243; header_level=&#8221;h5&#8243; header_font=&#8221;Poppins||||||||&#8221; header_text_color=&#8221;#000000&#8243; header_line_height=&#8221;1.4em&#8221; link_option_url=&#8221;mailto:info@yachtcharter-holiday-tours.de&#8221; link_option_url_new_window=&#8221;on&#8221; icon_font_size=&#8221;24px&#8221; global_colors_info=&#8221;{}&#8221;][\/et_pb_blurb][\/et_pb_column][\/et_pb_row][\/et_pb_section]<\/p>\n","protected":false},"excerpt":{"rendered":"<p>Posti barca Tour delle vacanze in barca I nostri ormeggi privati &#8211; per i nostri ospiti &#8211; gli ormeggi per gli ospiti con prenotazione sono benvenutiOrmeggi sulla Saar Saarburg &#8211; Mettlach &#8211; Saarschleife &#8211; MerzigI nostri ormeggi privati sulla Saar, a Merzig, Saarschleife, Mettlach e Saarburg, sono a disposizione dei nostri ospiti cos\u00ec come gli ormeggi per gli ospiti. Al costo di una tariffa corrispondente per notte, puoi ormeggiare qui in tutta sicurezza e il tempo di ormeggio \u00e8 limitato a 2 giorni. Se vuoi rimanere pi\u00f9 a lungo in un ormeggio, inviaci un&#8217;e-mail a info@yachtcharter-holiday-tours.de. e vedremo se \u00e8 possibile. Grazie per la tua comprensione. Di seguito sono elencati i nostri ormeggi privati con i posti barca per te: Saarburg, pontile di Staden, chilometro 11,0 380 riva sinistra Mettlach, porto turistico\/stazione base Joylife Boats, vicino al centro canoa di Mettlach Saarschleife (Dreisbach), presso il molo di noleggio barche Saar Merzig, Marina\/Basestation Yachtcharter Holiday Tours, molo A ingresso del porto sulla destra Che si tratti di una notte di relax in uno dei nostri ormeggi o di una sosta durante il tuo viaggio, non vediamo l&#8217;ora che tu venga a visitare la bellissima zona di crociera della Saar!Ti ricordiamo che [&hellip;]<\/p>\n","protected":false},"author":2,"featured_media":0,"parent":0,"menu_order":0,"comment_status":"closed","ping_status":"closed","template":"","meta":{"_et_pb_use_builder":"on","_et_pb_old_content":"","_et_gb_content_width":"","footnotes":""},"class_list":["post-7853","page","type-page","status-publish","hentry"],"_links":{"self":[{"href":"https:\/\/yachtcharter-holiday-tours.de\/it\/wp-json\/wp\/v2\/pages\/7853","targetHints":{"allow":["GET"]}}],"collection":[{"href":"https:\/\/yachtcharter-holiday-tours.de\/it\/wp-json\/wp\/v2\/pages"}],"about":[{"href":"https:\/\/yachtcharter-holiday-tours.de\/it\/wp-json\/wp\/v2\/types\/page"}],"author":[{"embeddable":true,"href":"https:\/\/yachtcharter-holiday-tours.de\/it\/wp-json\/wp\/v2\/users\/2"}],"replies":[{"embeddable":true,"href":"https:\/\/yachtcharter-holiday-tours.de\/it\/wp-json\/wp\/v2\/comments?post=7853"}],"version-history":[{"count":5,"href":"https:\/\/yachtcharter-holiday-tours.de\/it\/wp-json\/wp\/v2\/pages\/7853\/revisions"}],"predecessor-version":[{"id":7922,"href":"https:\/\/yachtcharter-holiday-tours.de\/it\/wp-json\/wp\/v2\/pages\/7853\/revisions\/7922"}],"wp:attachment":[{"href":"https:\/\/yachtcharter-holiday-tours.de\/it\/wp-json\/wp\/v2\/media?parent=7853"}],"curies":[{"name":"wp","href":"https:\/\/api.w.org\/{rel}","templated":true}]}}